{"id":1032,"date":"2022-01-31T10:06:51","date_gmt":"2022-01-31T10:06:51","guid":{"rendered":"https:\/\/amnionwomenscenter.org\/inicio\/"},"modified":"2025-12-30T10:13:05","modified_gmt":"2025-12-30T10:13:05","slug":"inicio","status":"publish","type":"page","link":"https:\/\/amnionwomenscenter.org\/es\/","title":{"rendered":"inicio"},"content":{"rendered":"","protected":false},"excerpt":{"rendered":"","protected":false},"author":1,"featured_media":1304,"parent":0,"menu_order":0,"comment_status":"closed","ping_status":"closed","template":"views\/template-front.blade.php","meta":{"_acf_changed":false,"footnotes":""},"class_list":["post-1032","page","type-page","status-publish","has-post-thumbnail","hentry"],"acf":[],"yoast_head":"<!-- This site is optimized with the Yoast SEO plugin v27.6 - https:\/\/yoast.com\/product\/yoast-seo-wordpress\/ -->\n<title>Amnion Women&#039;s Center | Burnsville MN | Informaci\u00f3n sobre la p\u00edldora abortiva y m\u00e1s<\/title>\n<meta name=\"description\" content=\"Obtenga pruebas de embarazo gratuitas, ecograf\u00edas, pruebas de ITS, informaci\u00f3n sobre el aborto y consultas sobre opciones en Amnion Women&#039;s Center. Apoyo confidencial y atenci\u00f3n compasiva.\" \/>\n<meta name=\"robots\" content=\"index, follow, max-snippet:-1, max-image-preview:large, max-video-preview:-1\" \/>\n<link rel=\"canonical\" href=\"https:\/\/amnionwomenscenter.org\/es\/inicio\/\" \/>\n<meta property=\"og:locale\" content=\"es_ES\" \/>\n<meta property=\"og:type\" content=\"article\" \/>\n<meta property=\"og:title\" content=\"Amnion Women&#039;s Center | Burnsville MN | Informaci\u00f3n sobre la p\u00edldora abortiva y m\u00e1s\" \/>\n<meta property=\"og:description\" content=\"Obtenga pruebas de embarazo gratuitas, ecograf\u00edas, pruebas de ITS, informaci\u00f3n sobre el aborto y consultas sobre opciones en Amnion Women&#039;s Center. Apoyo confidencial y atenci\u00f3n compasiva.\" \/>\n<meta property=\"og:url\" content=\"https:\/\/amnionwomenscenter.org\/es\/inicio\/\" \/>\n<meta property=\"og:site_name\" content=\"Amnion Women&#039;s Center | Burnsville MN | abortion pill info\" \/>\n<meta property=\"article:modified_time\" content=\"2025-12-30T10:13:05+00:00\" \/>\n<meta property=\"og:image\" content=\"https:\/\/amnionwomenscenter.org\/wp-content\/uploads\/2025\/12\/AdobeStock_572187939-2-2-e1763380554875.webp\" \/>\n\t<meta property=\"og:image:width\" content=\"1585\" \/>\n\t<meta property=\"og:image:height\" content=\"691\" \/>\n\t<meta property=\"og:image:type\" content=\"image\/webp\" \/>\n<meta name=\"twitter:card\" content=\"summary_large_image\" \/>\n<!-- \/ Yoast SEO plugin. -->","yoast_head_json":{"title":"Amnion Women's Center | Burnsville MN | Informaci\u00f3n sobre la p\u00edldora abortiva y m\u00e1s","description":"Obtenga pruebas de embarazo gratuitas, ecograf\u00edas, pruebas de ITS, informaci\u00f3n sobre el aborto y consultas sobre opciones en Amnion Women's Center. Apoyo confidencial y atenci\u00f3n compasiva.","robots":{"index":"index","follow":"follow","max-snippet":"max-snippet:-1","max-image-preview":"max-image-preview:large","max-video-preview":"max-video-preview:-1"},"canonical":"https:\/\/amnionwomenscenter.org\/es\/inicio\/","og_locale":"es_ES","og_type":"article","og_title":"Amnion Women's Center | Burnsville MN | Informaci\u00f3n sobre la p\u00edldora abortiva y m\u00e1s","og_description":"Obtenga pruebas de embarazo gratuitas, ecograf\u00edas, pruebas de ITS, informaci\u00f3n sobre el aborto y consultas sobre opciones en Amnion Women's Center. Apoyo confidencial y atenci\u00f3n compasiva.","og_url":"https:\/\/amnionwomenscenter.org\/es\/inicio\/","og_site_name":"Amnion Women&#039;s Center | Burnsville MN | abortion pill info","article_modified_time":"2025-12-30T10:13:05+00:00","og_image":[{"width":1585,"height":691,"url":"https:\/\/amnionwomenscenter.org\/wp-content\/uploads\/2025\/12\/AdobeStock_572187939-2-2-e1763380554875.webp","type":"image\/webp"}],"twitter_card":"summary_large_image","schema":{"@context":"https:\/\/schema.org","@graph":[{"@type":"WebPage","@id":"https:\/\/amnionwomenscenter.org\/es\/inicio\/","url":"https:\/\/amnionwomenscenter.org\/es\/inicio\/","name":"Amnion Women's Center | Burnsville MN | Informaci\u00f3n sobre la p\u00edldora abortiva y m\u00e1s","isPartOf":{"@id":"https:\/\/amnionwomenscenter.org\/#website"},"primaryImageOfPage":{"@id":"https:\/\/amnionwomenscenter.org\/es\/inicio\/#primaryimage"},"image":{"@id":"https:\/\/amnionwomenscenter.org\/es\/inicio\/#primaryimage"},"thumbnailUrl":"https:\/\/amnionwomenscenter.org\/wp-content\/uploads\/2025\/12\/AdobeStock_572187939-2-2-e1763380554875.webp","datePublished":"2022-01-31T10:06:51+00:00","dateModified":"2025-12-30T10:13:05+00:00","description":"Obtenga pruebas de embarazo gratuitas, ecograf\u00edas, pruebas de ITS, informaci\u00f3n sobre el aborto y consultas sobre opciones en Amnion Women's Center. Apoyo confidencial y atenci\u00f3n compasiva.","breadcrumb":{"@id":"https:\/\/amnionwomenscenter.org\/es\/inicio\/#breadcrumb"},"inLanguage":"es","potentialAction":[{"@type":"ReadAction","target":["https:\/\/amnionwomenscenter.org\/es\/inicio\/"]}]},{"@type":"ImageObject","inLanguage":"es","@id":"https:\/\/amnionwomenscenter.org\/es\/inicio\/#primaryimage","url":"https:\/\/amnionwomenscenter.org\/wp-content\/uploads\/2025\/12\/AdobeStock_572187939-2-2-e1763380554875.webp","contentUrl":"https:\/\/amnionwomenscenter.org\/wp-content\/uploads\/2025\/12\/AdobeStock_572187939-2-2-e1763380554875.webp","width":1585,"height":691},{"@type":"BreadcrumbList","@id":"https:\/\/amnionwomenscenter.org\/es\/inicio\/#breadcrumb","itemListElement":[{"@type":"ListItem","position":1,"name":"Home","item":"https:\/\/amnionwomenscenter.org\/es\/inicio\/"},{"@type":"ListItem","position":2,"name":"inicio"}]},{"@type":"WebSite","@id":"https:\/\/amnionwomenscenter.org\/#website","url":"https:\/\/amnionwomenscenter.org\/","name":"Amnion Women&#039;s Center | Burnsville MN | abortion pill info","description":"","potentialAction":[{"@type":"SearchAction","target":{"@type":"EntryPoint","urlTemplate":"https:\/\/amnionwomenscenter.org\/?s={search_term_string}"},"query-input":{"@type":"PropertyValueSpecification","valueRequired":true,"valueName":"search_term_string"}}],"inLanguage":"es"}]}},"_links":{"self":[{"href":"https:\/\/amnionwomenscenter.org\/es\/wp-json\/wp\/v2\/pages\/1032","targetHints":{"allow":["GET"]}}],"collection":[{"href":"https:\/\/amnionwomenscenter.org\/es\/wp-json\/wp\/v2\/pages"}],"about":[{"href":"https:\/\/amnionwomenscenter.org\/es\/wp-json\/wp\/v2\/types\/page"}],"author":[{"embeddable":true,"href":"https:\/\/amnionwomenscenter.org\/es\/wp-json\/wp\/v2\/users\/1"}],"replies":[{"embeddable":true,"href":"https:\/\/amnionwomenscenter.org\/es\/wp-json\/wp\/v2\/comments?post=1032"}],"version-history":[{"count":1,"href":"https:\/\/amnionwomenscenter.org\/es\/wp-json\/wp\/v2\/pages\/1032\/revisions"}],"predecessor-version":[{"id":1190,"href":"https:\/\/amnionwomenscenter.org\/es\/wp-json\/wp\/v2\/pages\/1032\/revisions\/1190"}],"wp:featuredmedia":[{"embeddable":true,"href":"https:\/\/amnionwomenscenter.org\/es\/wp-json\/wp\/v2\/media\/1304"}],"wp:attachment":[{"href":"https:\/\/amnionwomenscenter.org\/es\/wp-json\/wp\/v2\/media?parent=1032"}],"curies":[{"name":"wp","href":"https:\/\/api.w.org\/{rel}","templated":true}]}}