{"id":1115,"date":"2022-01-31T10:05:43","date_gmt":"2022-01-31T10:05:43","guid":{"rendered":"https:\/\/amnionwomenscenter.org\/?page_id=1115"},"modified":"2025-12-01T15:29:43","modified_gmt":"2025-12-01T15:29:43","slug":"solicitar-una-cita","status":"publish","type":"page","link":"https:\/\/amnionwomenscenter.org\/es\/solicitar-una-cita\/","title":{"rendered":"Cont\u00e1ctenos"},"content":{"rendered":"<div id=\"comp-k80cvpcn\" class=\"Z_l5lU MMl86N zQ9jDz qvSjx3 Vq6kJx comp-k80cvpcn wixui-rich-text\" data-testid=\"richTextElement\">\n<h1 class=\"font_6 wixui-rich-text__text\"><span class=\"wixui-rich-text__text\"><span class=\"color_42 wixui-rich-text__text\">Solicitar una Cita<\/span><\/span><\/h1>\n<\/div>\n<div id=\"comp-k9n4s9rm\" class=\"Z_l5lU ku3DBC zQ9jDz qvSjx3 Vq6kJx comp-k9n4s9rm wixui-rich-text\" data-testid=\"richTextElement\">\n<p class=\"font_7 wixui-rich-text__text\"><span class=\"wixui-rich-text__text\">Todos nuestros servicios son gratis y confidenciales.<\/span><\/p>\n<\/div>\n<div id=\"comp-klv5m5zp\" class=\"Z_l5lU ku3DBC zQ9jDz qvSjx3 Vq6kJx comp-klv5m5zp wixui-rich-text\" data-testid=\"richTextElement\">\n<p class=\"font_8 wixui-rich-text__text\"><span class=\"wixui-rich-text__text\"><span class=\"color_42 wixui-rich-text__text\">Personas que hablan espa\u00f1ol estan disponibles los Lunes, Jueves y Viernes.<\/span><\/span><\/p>\n<\/div>\n<div id=\"comp-k80cvpbl3\" class=\"Z_l5lU ku3DBC zQ9jDz qvSjx3 Vq6kJx comp-k80cvpbl3 wixui-rich-text\" data-testid=\"richTextElement\">\n<p class=\"font_8 wixui-rich-text__text\"><span class=\"wixui-rich-text__text\"><span class=\"color_42 wixui-rich-text__text\">Servicios ofrecidos con\u00a0 Amnion Women&#8217;s Center en Burnsville, MN | Lunes 09:00 AM \u2013 7:00 PM, Mi\u00e9rcoles \u2013 Viernes 09:00 AM \u2013 5:00 PM<\/span><\/span><\/p>\n<\/div>\n<p>&nbsp;<\/p>\n","protected":false},"excerpt":{"rendered":"<p>Solicitar una Cita Todos nuestros servicios son gratis y confidenciales. Personas que hablan espa\u00f1ol estan disponibles los Lunes, Jueves y Viernes. Servicios ofrecidos con\u00a0 Amnion Women&#8217;s Center en Burnsville, MN | Lunes 09:00 AM \u2013 7:00 PM, Mi\u00e9rcoles \u2013 Viernes 09:00 AM \u2013 5:00 PM &nbsp;<\/p>\n","protected":false},"author":1,"featured_media":0,"parent":0,"menu_order":0,"comment_status":"closed","ping_status":"closed","template":"views\/template-contact.blade.php","meta":{"_acf_changed":false,"footnotes":""},"class_list":["post-1115","page","type-page","status-publish","hentry"],"acf":[],"yoast_head":"<!-- This site is optimized with the Yoast SEO plugin v27.6 - https:\/\/yoast.com\/product\/yoast-seo-wordpress\/ -->\n<title>Solicite una cita online | Burnsville, MN | Amnion Women&#039;s Center<\/title>\n<meta name=\"description\" content=\"\u00bfEst\u00e1 considerando abortar? Obtenga m\u00e1s informaci\u00f3n sobre sus opciones de embarazo en Burnsville, MN. Servicios m\u00e9dicos gratuitos en Amnion Women&#039;s Center.\" \/>\n<meta name=\"robots\" content=\"index, follow, max-snippet:-1, max-image-preview:large, max-video-preview:-1\" \/>\n<link rel=\"canonical\" href=\"https:\/\/amnionwomenscenter.org\/es\/solicitar-una-cita\/\" \/>\n<meta property=\"og:locale\" content=\"es_ES\" \/>\n<meta property=\"og:type\" content=\"article\" \/>\n<meta property=\"og:title\" content=\"Solicite una cita online | Burnsville, MN | Amnion Women&#039;s Center\" \/>\n<meta property=\"og:description\" content=\"\u00bfEst\u00e1 considerando abortar? Obtenga m\u00e1s informaci\u00f3n sobre sus opciones de embarazo en Burnsville, MN. Servicios m\u00e9dicos gratuitos en Amnion Women&#039;s Center.\" \/>\n<meta property=\"og:url\" content=\"https:\/\/amnionwomenscenter.org\/es\/solicitar-una-cita\/\" \/>\n<meta property=\"og:site_name\" content=\"Amnion Women&#039;s Center | Burnsville MN | abortion pill info\" \/>\n<meta property=\"article:modified_time\" content=\"2025-12-01T15:29:43+00:00\" \/>\n<meta name=\"twitter:card\" content=\"summary_large_image\" \/>\n<meta name=\"twitter:label1\" content=\"Tiempo de lectura\" \/>\n\t<meta name=\"twitter:data1\" content=\"1 minuto\" \/>\n<!-- \/ Yoast SEO plugin. -->","yoast_head_json":{"title":"Solicite una cita online | Burnsville, MN | Amnion Women's Center","description":"\u00bfEst\u00e1 considerando abortar? Obtenga m\u00e1s informaci\u00f3n sobre sus opciones de embarazo en Burnsville, MN. Servicios m\u00e9dicos gratuitos en Amnion Women's Center.","robots":{"index":"index","follow":"follow","max-snippet":"max-snippet:-1","max-image-preview":"max-image-preview:large","max-video-preview":"max-video-preview:-1"},"canonical":"https:\/\/amnionwomenscenter.org\/es\/solicitar-una-cita\/","og_locale":"es_ES","og_type":"article","og_title":"Solicite una cita online | Burnsville, MN | Amnion Women's Center","og_description":"\u00bfEst\u00e1 considerando abortar? Obtenga m\u00e1s informaci\u00f3n sobre sus opciones de embarazo en Burnsville, MN. Servicios m\u00e9dicos gratuitos en Amnion Women's Center.","og_url":"https:\/\/amnionwomenscenter.org\/es\/solicitar-una-cita\/","og_site_name":"Amnion Women&#039;s Center | Burnsville MN | abortion pill info","article_modified_time":"2025-12-01T15:29:43+00:00","twitter_card":"summary_large_image","twitter_misc":{"Tiempo de lectura":"1 minuto"},"schema":{"@context":"https:\/\/schema.org","@graph":[{"@type":"WebPage","@id":"https:\/\/amnionwomenscenter.org\/es\/solicitar-una-cita\/","url":"https:\/\/amnionwomenscenter.org\/es\/solicitar-una-cita\/","name":"Solicite una cita online | Burnsville, MN | Amnion Women's Center","isPartOf":{"@id":"https:\/\/amnionwomenscenter.org\/#website"},"datePublished":"2022-01-31T10:05:43+00:00","dateModified":"2025-12-01T15:29:43+00:00","description":"\u00bfEst\u00e1 considerando abortar? Obtenga m\u00e1s informaci\u00f3n sobre sus opciones de embarazo en Burnsville, MN. Servicios m\u00e9dicos gratuitos en Amnion Women's Center.","breadcrumb":{"@id":"https:\/\/amnionwomenscenter.org\/es\/solicitar-una-cita\/#breadcrumb"},"inLanguage":"es","potentialAction":[{"@type":"ReadAction","target":["https:\/\/amnionwomenscenter.org\/es\/solicitar-una-cita\/"]}]},{"@type":"BreadcrumbList","@id":"https:\/\/amnionwomenscenter.org\/es\/solicitar-una-cita\/#breadcrumb","itemListElement":[{"@type":"ListItem","position":1,"name":"Home","item":"https:\/\/amnionwomenscenter.org\/es\/inicio\/"},{"@type":"ListItem","position":2,"name":"Cont\u00e1ctenos"}]},{"@type":"WebSite","@id":"https:\/\/amnionwomenscenter.org\/#website","url":"https:\/\/amnionwomenscenter.org\/","name":"Amnion Women&#039;s Center | Burnsville MN | abortion pill info","description":"","potentialAction":[{"@type":"SearchAction","target":{"@type":"EntryPoint","urlTemplate":"https:\/\/amnionwomenscenter.org\/?s={search_term_string}"},"query-input":{"@type":"PropertyValueSpecification","valueRequired":true,"valueName":"search_term_string"}}],"inLanguage":"es"}]}},"_links":{"self":[{"href":"https:\/\/amnionwomenscenter.org\/es\/wp-json\/wp\/v2\/pages\/1115","targetHints":{"allow":["GET"]}}],"collection":[{"href":"https:\/\/amnionwomenscenter.org\/es\/wp-json\/wp\/v2\/pages"}],"about":[{"href":"https:\/\/amnionwomenscenter.org\/es\/wp-json\/wp\/v2\/types\/page"}],"author":[{"embeddable":true,"href":"https:\/\/amnionwomenscenter.org\/es\/wp-json\/wp\/v2\/users\/1"}],"replies":[{"embeddable":true,"href":"https:\/\/amnionwomenscenter.org\/es\/wp-json\/wp\/v2\/comments?post=1115"}],"version-history":[{"count":3,"href":"https:\/\/amnionwomenscenter.org\/es\/wp-json\/wp\/v2\/pages\/1115\/revisions"}],"predecessor-version":[{"id":1187,"href":"https:\/\/amnionwomenscenter.org\/es\/wp-json\/wp\/v2\/pages\/1115\/revisions\/1187"}],"wp:attachment":[{"href":"https:\/\/amnionwomenscenter.org\/es\/wp-json\/wp\/v2\/media?parent=1115"}],"curies":[{"name":"wp","href":"https:\/\/api.w.org\/{rel}","templated":true}]}}