{"id":1158,"date":"2023-02-10T09:08:37","date_gmt":"2023-02-10T09:08:37","guid":{"rendered":"https:\/\/amnionwomenscenter.org\/ecografias\/"},"modified":"2026-01-26T20:01:24","modified_gmt":"2026-01-26T20:01:24","slug":"ecografias","status":"publish","type":"page","link":"https:\/\/amnionwomenscenter.org\/es\/servicios\/ecografias\/","title":{"rendered":"Ecograf\u00edas"},"content":{"rendered":"&#13;\n<h2 class=\"wp-block-heading\" data-start=\"552\" data-end=\"603\">Comprender mejor su embarazo<\/h2>&#13;\n<p data-start=\"604\" data-end=\"829\">A positive pregnancy test is an important first step, but doesn\u2019t tell you everything. To protect your health and help you make fully informed choices, it\u2019s essential to confirm your pregnancy through an ultrasound.<\/p>&#13;\n<p data-start=\"831\" data-end=\"1085\">At Amnion Women\u2019s Center, we offer no-cost, confidential ultrasounds for qualified patients. A licensed nurse performs each scan\u00a0to ensure you receive high-quality, professional care.<\/p>&#13;\n<h2 data-start=\"1256\" data-end=\"1291\">Por qu\u00e9 es importante una ecograf\u00eda<\/h2>&#13;\n<p data-start=\"1292\" data-end=\"1453\">An ultrasound can reveal critical information about your pregnancy that a test alone cannot provide. During your appointment, your nurse will help you confirm:<\/p>&#13;\n<ul>&#13;\n<li data-start=\"1457\" data-end=\"1672\"><strong>Viability:<\/strong> Whether the pregnancy is developing normally and if there\u2019s a detectable heartbeat. Because many pregnancies end naturally in early <a href=\"https:\/\/www.ncbi.nlm.nih.gov\/books\/NBK532992\/\" target=\"_blank\" rel=\"noopener external noreferrer\" data-wpel-link=\"external\">miscarriage<\/a>, this information is key before making any decisions.<\/li>&#13;\n<li data-start=\"1457\" data-end=\"1672\"><strong>Gestational Age:<\/strong> How far along you are, which can affect what options are available to you. For example, medical abortion is <a href=\"https:\/\/www.fda.gov\/drugs\/postmarket-drug-safety-information-patients-and-providers\/information-about-mifepristone-medical-termination-pregnancy-through-ten-weeks-gestation\" target=\"_blank\" rel=\"noopener external noreferrer\" data-wpel-link=\"external\">FDA-approved<\/a> only through 10 weeks gestation.<\/li>&#13;\n<li data-start=\"1457\" data-end=\"1672\"><strong>Location:<\/strong> Whether the pregnancy is located in the uterus. In rare cases, a pregnancy may develop elsewhere, such as in the fallopian tube (an <a href=\"https:\/\/www.mayoclinic.org\/diseases-conditions\/ectopic-pregnancy\/symptoms-causes\/syc-20372088\" target=\"_blank\" rel=\"noopener external noreferrer\" data-wpel-link=\"external\">ectopic pregnancy<\/a>), which requires immediate medical attention.<\/li>&#13;\n<\/ul>&#13;\n<p>Your nurse will review your results, answer your questions, and ensure you have accurate information about your next steps.<\/p>&#13;\n<h2 data-start=\"2205\" data-end=\"2235\">Tipos de ecograf\u00edas<\/h2>&#13;\n<p data-start=\"2236\" data-end=\"2334\">At Amnion, we use two types of scans to provide the clearest possible picture of your pregnancy:<\/p>&#13;\n<ul>&#13;\n<li data-start=\"2338\" data-end=\"2597\"><strong>Transvaginal Ultrasound:<\/strong> This scan uses a wand-like device called a transducer to produce a more detailed image in early pregnancy. It helps confirm viability, detect a heartbeat, and accurately measure gestational age.<\/li>&#13;\n<li data-start=\"2338\" data-end=\"2597\"><strong>Abdominal Ultrasound:<\/strong> This scan is performed by placing gel on your abdomen and moving a handheld transducer across your stomach. It is commonly used later in pregnancy when the fetus is more easily visible.<\/li>&#13;\n<\/ul>&#13;\n<p>Your nurse will determine which scan type is appropriate for your stage of pregnancy and ensure you\u2019re comfortable throughout the process.<\/p>&#13;\n<h2 data-start=\"2960\" data-end=\"3009\">Un entorno de apoyo y compasi\u00f3n<\/h2>&#13;\n<p data-start=\"3010\" data-end=\"3307\">After your scan, you\u2019ll meet with a nurse to discuss your results and what comes next. You\u2019ll have time to ask questions, explore your options, and learn about available resources, all at no cost.<\/p>&#13;\n<p data-start=\"3552\" data-end=\"3676\"><a href=\"https:\/\/amnionwomenscenter.org\/contact\/\" data-wpel-link=\"external\" rel=\"external noopener noreferrer\">Schedule<\/a> a <a href=\"https:\/\/amnionwomenscenter.org\/services\/pregnancy-testing\/\" data-wpel-link=\"external\" rel=\"external noopener noreferrer\">pregnancy testing<\/a>\u00a0appointment today to take the first step.<\/p>&#13;\n&#13;\n<p>\u00a0<\/p>&#13;\n","protected":false},"excerpt":{"rendered":"<p>Confirme su embarazo y recopile informaci\u00f3n esencial con una ecograf\u00eda.<\/p>\n","protected":false},"author":1,"featured_media":1161,"parent":1195,"menu_order":2,"comment_status":"closed","ping_status":"closed","template":"","meta":{"_acf_changed":false,"footnotes":""},"class_list":["post-1158","page","type-page","status-publish","has-post-thumbnail","hentry"],"acf":[],"yoast_head":"<!-- This site is optimized with the Yoast SEO plugin v27.6 - https:\/\/yoast.com\/product\/yoast-seo-wordpress\/ -->\n<title>Ecograf\u00edas | Burnsville, MN | Amnion Women&#039;s Center<\/title>\n<meta name=\"description\" content=\"Lea m\u00e1s sobre las ecograf\u00edas en esta p\u00e1gina. Todos los servicios son GRATUITOS y confidenciales. Ubicaciones en Burnsville, MN. \u00a1P\u00f3ngase en contacto con nosotros!\" \/>\n<meta name=\"robots\" content=\"index, follow, max-snippet:-1, max-image-preview:large, max-video-preview:-1\" \/>\n<link rel=\"canonical\" href=\"https:\/\/amnionwomenscenter.org\/es\/servicios\/ecografias\/\" \/>\n<meta property=\"og:locale\" content=\"es_ES\" \/>\n<meta property=\"og:type\" content=\"article\" \/>\n<meta property=\"og:title\" content=\"Ecograf\u00edas | Burnsville, MN | Amnion Women&#039;s Center\" \/>\n<meta property=\"og:description\" content=\"Lea m\u00e1s sobre las ecograf\u00edas en esta p\u00e1gina. Todos los servicios son GRATUITOS y confidenciales. Ubicaciones en Burnsville, MN. \u00a1P\u00f3ngase en contacto con nosotros!\" \/>\n<meta property=\"og:url\" content=\"https:\/\/amnionwomenscenter.org\/es\/servicios\/ecografias\/\" \/>\n<meta property=\"og:site_name\" content=\"Amnion Women&#039;s Center | Burnsville MN | abortion pill info\" \/>\n<meta property=\"article:modified_time\" content=\"2026-01-26T20:01:24+00:00\" \/>\n<meta property=\"og:image\" content=\"https:\/\/amnionwomenscenter.org\/wp-content\/uploads\/2023\/02\/Ultrasound-Icon-2-e1763379925240.png\" \/>\n\t<meta property=\"og:image:width\" content=\"80\" \/>\n\t<meta property=\"og:image:height\" content=\"82\" \/>\n\t<meta property=\"og:image:type\" content=\"image\/png\" \/>\n<meta name=\"twitter:card\" content=\"summary_large_image\" \/>\n<meta name=\"twitter:label1\" content=\"Tiempo de lectura\" \/>\n\t<meta name=\"twitter:data1\" content=\"2 minutos\" \/>\n<!-- \/ Yoast SEO plugin. -->","yoast_head_json":{"title":"Ecograf\u00edas | Burnsville, MN | Amnion Women's Center","description":"Lea m\u00e1s sobre las ecograf\u00edas en esta p\u00e1gina. Todos los servicios son GRATUITOS y confidenciales. Ubicaciones en Burnsville, MN. \u00a1P\u00f3ngase en contacto con nosotros!","robots":{"index":"index","follow":"follow","max-snippet":"max-snippet:-1","max-image-preview":"max-image-preview:large","max-video-preview":"max-video-preview:-1"},"canonical":"https:\/\/amnionwomenscenter.org\/es\/servicios\/ecografias\/","og_locale":"es_ES","og_type":"article","og_title":"Ecograf\u00edas | Burnsville, MN | Amnion Women's Center","og_description":"Lea m\u00e1s sobre las ecograf\u00edas en esta p\u00e1gina. Todos los servicios son GRATUITOS y confidenciales. Ubicaciones en Burnsville, MN. \u00a1P\u00f3ngase en contacto con nosotros!","og_url":"https:\/\/amnionwomenscenter.org\/es\/servicios\/ecografias\/","og_site_name":"Amnion Women&#039;s Center | Burnsville MN | abortion pill info","article_modified_time":"2026-01-26T20:01:24+00:00","og_image":[{"width":80,"height":82,"url":"https:\/\/amnionwomenscenter.org\/wp-content\/uploads\/2023\/02\/Ultrasound-Icon-2-e1763379925240.png","type":"image\/png"}],"twitter_card":"summary_large_image","twitter_misc":{"Tiempo de lectura":"2 minutos"},"schema":{"@context":"https:\/\/schema.org","@graph":[{"@type":"WebPage","@id":"https:\/\/amnionwomenscenter.org\/es\/servicios\/ecografias\/","url":"https:\/\/amnionwomenscenter.org\/es\/servicios\/ecografias\/","name":"Ecograf\u00edas | Burnsville, MN | Amnion Women's Center","isPartOf":{"@id":"https:\/\/amnionwomenscenter.org\/#website"},"primaryImageOfPage":{"@id":"https:\/\/amnionwomenscenter.org\/es\/servicios\/ecografias\/#primaryimage"},"image":{"@id":"https:\/\/amnionwomenscenter.org\/es\/servicios\/ecografias\/#primaryimage"},"thumbnailUrl":"https:\/\/amnionwomenscenter.org\/wp-content\/uploads\/2023\/02\/Ultrasound-Icon-2-e1763379925240.png","datePublished":"2023-02-10T09:08:37+00:00","dateModified":"2026-01-26T20:01:24+00:00","description":"Lea m\u00e1s sobre las ecograf\u00edas en esta p\u00e1gina. Todos los servicios son GRATUITOS y confidenciales. Ubicaciones en Burnsville, MN. \u00a1P\u00f3ngase en contacto con nosotros!","breadcrumb":{"@id":"https:\/\/amnionwomenscenter.org\/es\/servicios\/ecografias\/#breadcrumb"},"inLanguage":"es","potentialAction":[{"@type":"ReadAction","target":["https:\/\/amnionwomenscenter.org\/es\/servicios\/ecografias\/"]}]},{"@type":"ImageObject","inLanguage":"es","@id":"https:\/\/amnionwomenscenter.org\/es\/servicios\/ecografias\/#primaryimage","url":"https:\/\/amnionwomenscenter.org\/wp-content\/uploads\/2023\/02\/Ultrasound-Icon-2-e1763379925240.png","contentUrl":"https:\/\/amnionwomenscenter.org\/wp-content\/uploads\/2023\/02\/Ultrasound-Icon-2-e1763379925240.png","width":80,"height":82,"caption":"icono de ecograf\u00eda"},{"@type":"BreadcrumbList","@id":"https:\/\/amnionwomenscenter.org\/es\/servicios\/ecografias\/#breadcrumb","itemListElement":[{"@type":"ListItem","position":1,"name":"Home","item":"https:\/\/amnionwomenscenter.org\/es\/inicio\/"},{"@type":"ListItem","position":2,"name":"Servicios","item":"https:\/\/amnionwomenscenter.org\/es\/servicios\/"},{"@type":"ListItem","position":3,"name":"Ecograf\u00edas"}]},{"@type":"WebSite","@id":"https:\/\/amnionwomenscenter.org\/#website","url":"https:\/\/amnionwomenscenter.org\/","name":"Amnion Women&#039;s Center | Burnsville MN | abortion pill info","description":"","potentialAction":[{"@type":"SearchAction","target":{"@type":"EntryPoint","urlTemplate":"https:\/\/amnionwomenscenter.org\/?s={search_term_string}"},"query-input":{"@type":"PropertyValueSpecification","valueRequired":true,"valueName":"search_term_string"}}],"inLanguage":"es"}]}},"_links":{"self":[{"href":"https:\/\/amnionwomenscenter.org\/es\/wp-json\/wp\/v2\/pages\/1158","targetHints":{"allow":["GET"]}}],"collection":[{"href":"https:\/\/amnionwomenscenter.org\/es\/wp-json\/wp\/v2\/pages"}],"about":[{"href":"https:\/\/amnionwomenscenter.org\/es\/wp-json\/wp\/v2\/types\/page"}],"author":[{"embeddable":true,"href":"https:\/\/amnionwomenscenter.org\/es\/wp-json\/wp\/v2\/users\/1"}],"replies":[{"embeddable":true,"href":"https:\/\/amnionwomenscenter.org\/es\/wp-json\/wp\/v2\/comments?post=1158"}],"version-history":[{"count":4,"href":"https:\/\/amnionwomenscenter.org\/es\/wp-json\/wp\/v2\/pages\/1158\/revisions"}],"predecessor-version":[{"id":1325,"href":"https:\/\/amnionwomenscenter.org\/es\/wp-json\/wp\/v2\/pages\/1158\/revisions\/1325"}],"up":[{"embeddable":true,"href":"https:\/\/amnionwomenscenter.org\/es\/wp-json\/wp\/v2\/pages\/1195"}],"wp:featuredmedia":[{"embeddable":true,"href":"https:\/\/amnionwomenscenter.org\/es\/wp-json\/wp\/v2\/media\/1161"}],"wp:attachment":[{"href":"https:\/\/amnionwomenscenter.org\/es\/wp-json\/wp\/v2\/media?parent=1158"}],"curies":[{"name":"wp","href":"https:\/\/api.w.org\/{rel}","templated":true}]}}