{"id":1191,"date":"2025-09-30T05:54:20","date_gmt":"2025-09-30T05:54:20","guid":{"rendered":"https:\/\/amnionwomenscenter.org\/reversion-de-la-pildora-abortiva\/"},"modified":"2025-12-28T23:34:43","modified_gmt":"2025-12-28T23:34:43","slug":"reversion-de-la-pildora-abortiva","status":"publish","type":"page","link":"https:\/\/amnionwomenscenter.org\/es\/servicios\/reversion-de-la-pildora-abortiva\/","title":{"rendered":"Reversi\u00f3n de la p\u00edldora abortiva"},"content":{"rendered":"<h2 data-start=\"431\" data-end=\"454\">Hay esperanza<\/h2>\n<p data-start=\"455\" data-end=\"688\">Si ha tomado el primer f\u00e1rmaco en un aborto m\u00e9dico y se arrepiente de su decisi\u00f3n, puede que se pregunte si todav\u00eda hay alguna posibilidad de continuar con su embarazo. En medio de la incertidumbre y el miedo, queremos que sepa que hay esperanza. <\/p>\n<p data-start=\"690\" data-end=\"988\">En Amnion Women&#8217;s Center, entendemos que las decisiones tomadas en situaciones de estr\u00e9s pueden resultar abrumadoras. Nuestro compasivo equipo est\u00e1 aqu\u00ed para ayudarle a comprender la reversi\u00f3n de la p\u00edldora abortiva (APR) y ofrecerle atenci\u00f3n inmediata y confidencial. <\/p>\n<h3 data-start=\"995\" data-end=\"1036\">\u00bfQu\u00e9 es la reversi\u00f3n de la p\u00edldora abortiva?<\/h3>\n<p data-start=\"1037\" data-end=\"1100\">El proceso de la p\u00edldora abortiva generalmente involucra dos <a href=\"https:\/\/www.mayoclinic.org\/tests-procedures\/medical-abortion\/about\/pac-20394687#:~:text=Mifepristone%20blocks%20the%20hormone%20progesterone.%20This%20causes%20the%20lining%20of%20the%20uterus%20to%20thin.%20It%20prevents%20the%20embryo%20from%20staying%20attached%20to%20the%20uterine%20wall%20and%20growing.%20Misoprostol%20causes%20the%20uterus%20to%20contract%20and%20expel%20the%20embryo%20through%20the%20vagina.\" target=\"_blank\" rel=\"noopener external noreferrer\" data-wpel-link=\"external\">medicamentos<\/a>. La mifepristona bloquea la hormona progesterona necesaria para mantener un embarazo. El misoprostol se toma despu\u00e9s y hace que el \u00fatero se contraiga y expulse el embarazo.<\/p>\n<p data-start=\"1277\" data-end=\"1647\">Si solo se ha tomado la primera p\u00edldora, la mifepristona, puede ser posible revertir sus efectos mediante la reversi\u00f3n de la p\u00edldora abortiva. La APR consiste en administrar progesterona, la hormona que apoya el inicio del embarazo. Al introducir progesterona adicional, el objetivo es contrarrestar los efectos de la mifepristona y permitir que el embarazo contin\u00fae.  <\/p>\n<p data-start=\"1649\" data-end=\"1856\">El tiempo es esencial. Cuanto antes comience el tratamiento, mayor ser\u00e1 la probabilidad de \u00e9xito. Los estudios sugieren que el protocolo es m\u00e1s eficaz cuando se inicia entre 24 y 72 horas despu\u00e9s de tomar la mifepristona, aunque puede seguir teniendo \u00e9xito m\u00e1s adelante.  <\/p>\n<h3 data-start=\"1863\" data-end=\"1904\">\u00bfEs segura la reversi\u00f3n de la p\u00edldora abortiva?<\/h3>\n<p data-start=\"1905\" data-end=\"2233\">La progesterona se ha utilizado de forma segura en la atenci\u00f3n del embarazo durante m\u00e1s de 50 a\u00f1os para ayudar a las mujeres con riesgo de aborto espont\u00e1neo. Las investigaciones han demostrado que el protocolo es eficaz y muchas mujeres han continuado con \u00e9xito sus embarazos despu\u00e9s de recibir el tratamiento. <\/p>\n<p data-start=\"2235\" data-end=\"2410\">En un estudio publicado, las mujeres que comenzaron el tratamiento con progesterona en las 72 horas siguientes a la toma de mifepristona tuvieron una tasa de \u00e9xito del <a href=\"https:\/\/pubmed.ncbi.nlm.nih.gov\/30831017\/#:~:text=Results%3A%20Intramuscular,safe%20and%20effective.\" target=\"_blank\" rel=\"noopener external noreferrer\" data-wpel-link=\"external\">64-68%<\/a>.<\/p>\n<h3 data-start=\"2417\" data-end=\"2454\">C\u00f3mo obtener ayuda de inmediato<\/h3>\n<p data-start=\"2455\" data-end=\"2550\">Si ha tomado mifepristona y desea continuar con su embarazo, el tiempo es esencial.<\/p>\n<p data-start=\"2552\" data-end=\"2562\">Puede llamar a la <a href=\"https:\/\/abortionpillreversal.com\/\" target=\"_blank\" rel=\"noopener external noreferrer\" data-wpel-link=\"external\">l\u00ednea directa de la Red de Rescate de la P\u00edldora Abortiva<\/a> ahora mismo al 877-558-0333. Esta l\u00ednea de ayuda 24\/7 le conecta con una enfermera que puede ayudarle a comenzar el proceso de reversi\u00f3n y remitirle a un proveedor local.<\/p>\n<p data-start=\"2777\" data-end=\"2990\">Otra opci\u00f3n es llamarnos al <a href=\"tel:9522099990\" target=\"_blank\" rel=\"noopener\" data-wpel-link=\"internal\">(952) 209-9990<\/a> durante el horario de atenci\u00f3n. Nuestro equipo ofrece APR y recibe referencias a trav\u00e9s de la l\u00ednea directa de la Red de Rescate de la P\u00edldora Abortiva. Podemos comenzar el proceso r\u00e1pidamente y acompa\u00f1arle en cada paso del camino.<\/p>\n<h3 data-start=\"2997\" data-end=\"3023\">No est\u00e1 sola<\/h3>\n<p data-start=\"3024\" data-end=\"3274\">Cambiar de opini\u00f3n despu\u00e9s de comenzar un aborto m\u00e9dico puede hacer que se sienta aislada, pero no tiene que enfrentarse a ello sola.<\/p>\n<p data-start=\"3276\" data-end=\"3515\">Llame a la l\u00ednea de ayuda 24\/7 al 877-558-0333 ahora o <a href=\"tel:9528984357\" target=\"_blank\" rel=\"noopener\" data-wpel-link=\"internal\">p\u00f3ngase en contacto<\/a> con Amnion Women&#8217;s Center para hablar con un defensor y comenzar la APR. Puede que no sea demasiado tarde.<\/p>\n","protected":false},"excerpt":{"rendered":"<p>Si se arrepiente de haber tomado mifepristona, hay esperanza. Es posible que pueda continuar con su embarazo. <\/p>\n","protected":false},"author":1,"featured_media":1159,"parent":1195,"menu_order":4,"comment_status":"closed","ping_status":"closed","template":"","meta":{"_acf_changed":false,"footnotes":""},"class_list":["post-1191","page","type-page","status-publish","has-post-thumbnail","hentry"],"acf":[],"yoast_head":"<!-- This site is optimized with the Yoast SEO plugin v27.6 - https:\/\/yoast.com\/product\/yoast-seo-wordpress\/ -->\n<title>Reversi\u00f3n de la p\u00edldora abortiva | Burnsville, MN | Amnion Women&#039;s Center<\/title>\n<meta name=\"description\" content=\"Aprenda c\u00f3mo funciona la reversi\u00f3n de la p\u00edldora abortiva y obtenga ayuda inmediata y confidencial. Amnion Women&#039;s Center est\u00e1 aqu\u00ed para brindarle atenci\u00f3n y apoyo compasivos cuando el tiempo es esencial.\" \/>\n<meta name=\"robots\" content=\"index, follow, max-snippet:-1, max-image-preview:large, max-video-preview:-1\" \/>\n<link rel=\"canonical\" href=\"https:\/\/amnionwomenscenter.org\/es\/servicios\/reversion-de-la-pildora-abortiva\/\" \/>\n<meta property=\"og:locale\" content=\"es_ES\" \/>\n<meta property=\"og:type\" content=\"article\" \/>\n<meta property=\"og:title\" content=\"Reversi\u00f3n de la p\u00edldora abortiva | Burnsville, MN | Amnion Women&#039;s Center\" \/>\n<meta property=\"og:description\" content=\"Aprenda c\u00f3mo funciona la reversi\u00f3n de la p\u00edldora abortiva y obtenga ayuda inmediata y confidencial. Amnion Women&#039;s Center est\u00e1 aqu\u00ed para brindarle atenci\u00f3n y apoyo compasivos cuando el tiempo es esencial.\" \/>\n<meta property=\"og:url\" content=\"https:\/\/amnionwomenscenter.org\/es\/servicios\/reversion-de-la-pildora-abortiva\/\" \/>\n<meta property=\"og:site_name\" content=\"Amnion Women&#039;s Center | Burnsville MN | abortion pill info\" \/>\n<meta property=\"article:modified_time\" content=\"2025-12-28T23:34:43+00:00\" \/>\n<meta property=\"og:image\" content=\"https:\/\/amnionwomenscenter.org\/wp-content\/uploads\/2023\/02\/STD-Testing-Icon.png\" \/>\n\t<meta property=\"og:image:width\" content=\"343\" \/>\n\t<meta property=\"og:image:height\" content=\"351\" \/>\n\t<meta property=\"og:image:type\" content=\"image\/png\" \/>\n<meta name=\"twitter:card\" content=\"summary_large_image\" \/>\n<meta name=\"twitter:label1\" content=\"Tiempo de lectura\" \/>\n\t<meta name=\"twitter:data1\" content=\"3 minutos\" \/>\n<!-- \/ Yoast SEO plugin. -->","yoast_head_json":{"title":"Reversi\u00f3n de la p\u00edldora abortiva | Burnsville, MN | Amnion Women's Center","description":"Aprenda c\u00f3mo funciona la reversi\u00f3n de la p\u00edldora abortiva y obtenga ayuda inmediata y confidencial. Amnion Women's Center est\u00e1 aqu\u00ed para brindarle atenci\u00f3n y apoyo compasivos cuando el tiempo es esencial.","robots":{"index":"index","follow":"follow","max-snippet":"max-snippet:-1","max-image-preview":"max-image-preview:large","max-video-preview":"max-video-preview:-1"},"canonical":"https:\/\/amnionwomenscenter.org\/es\/servicios\/reversion-de-la-pildora-abortiva\/","og_locale":"es_ES","og_type":"article","og_title":"Reversi\u00f3n de la p\u00edldora abortiva | Burnsville, MN | Amnion Women's Center","og_description":"Aprenda c\u00f3mo funciona la reversi\u00f3n de la p\u00edldora abortiva y obtenga ayuda inmediata y confidencial. Amnion Women's Center est\u00e1 aqu\u00ed para brindarle atenci\u00f3n y apoyo compasivos cuando el tiempo es esencial.","og_url":"https:\/\/amnionwomenscenter.org\/es\/servicios\/reversion-de-la-pildora-abortiva\/","og_site_name":"Amnion Women&#039;s Center | Burnsville MN | abortion pill info","article_modified_time":"2025-12-28T23:34:43+00:00","og_image":[{"width":343,"height":351,"url":"https:\/\/amnionwomenscenter.org\/wp-content\/uploads\/2023\/02\/STD-Testing-Icon.png","type":"image\/png"}],"twitter_card":"summary_large_image","twitter_misc":{"Tiempo de lectura":"3 minutos"},"schema":{"@context":"https:\/\/schema.org","@graph":[{"@type":"WebPage","@id":"https:\/\/amnionwomenscenter.org\/es\/servicios\/reversion-de-la-pildora-abortiva\/","url":"https:\/\/amnionwomenscenter.org\/es\/servicios\/reversion-de-la-pildora-abortiva\/","name":"Reversi\u00f3n de la p\u00edldora abortiva | Burnsville, MN | Amnion Women's Center","isPartOf":{"@id":"https:\/\/amnionwomenscenter.org\/#website"},"primaryImageOfPage":{"@id":"https:\/\/amnionwomenscenter.org\/es\/servicios\/reversion-de-la-pildora-abortiva\/#primaryimage"},"image":{"@id":"https:\/\/amnionwomenscenter.org\/es\/servicios\/reversion-de-la-pildora-abortiva\/#primaryimage"},"thumbnailUrl":"https:\/\/amnionwomenscenter.org\/wp-content\/uploads\/2023\/02\/STD-Testing-Icon.png","datePublished":"2025-09-30T05:54:20+00:00","dateModified":"2025-12-28T23:34:43+00:00","description":"Aprenda c\u00f3mo funciona la reversi\u00f3n de la p\u00edldora abortiva y obtenga ayuda inmediata y confidencial. Amnion Women's Center est\u00e1 aqu\u00ed para brindarle atenci\u00f3n y apoyo compasivos cuando el tiempo es esencial.","breadcrumb":{"@id":"https:\/\/amnionwomenscenter.org\/es\/servicios\/reversion-de-la-pildora-abortiva\/#breadcrumb"},"inLanguage":"es","potentialAction":[{"@type":"ReadAction","target":["https:\/\/amnionwomenscenter.org\/es\/servicios\/reversion-de-la-pildora-abortiva\/"]}]},{"@type":"ImageObject","inLanguage":"es","@id":"https:\/\/amnionwomenscenter.org\/es\/servicios\/reversion-de-la-pildora-abortiva\/#primaryimage","url":"https:\/\/amnionwomenscenter.org\/wp-content\/uploads\/2023\/02\/STD-Testing-Icon.png","contentUrl":"https:\/\/amnionwomenscenter.org\/wp-content\/uploads\/2023\/02\/STD-Testing-Icon.png","width":343,"height":351},{"@type":"BreadcrumbList","@id":"https:\/\/amnionwomenscenter.org\/es\/servicios\/reversion-de-la-pildora-abortiva\/#breadcrumb","itemListElement":[{"@type":"ListItem","position":1,"name":"Home","item":"https:\/\/amnionwomenscenter.org\/es\/inicio\/"},{"@type":"ListItem","position":2,"name":"Servicios","item":"https:\/\/amnionwomenscenter.org\/es\/servicios\/"},{"@type":"ListItem","position":3,"name":"Reversi\u00f3n de la p\u00edldora abortiva"}]},{"@type":"WebSite","@id":"https:\/\/amnionwomenscenter.org\/#website","url":"https:\/\/amnionwomenscenter.org\/","name":"Amnion Women&#039;s Center | Burnsville MN | abortion pill info","description":"","potentialAction":[{"@type":"SearchAction","target":{"@type":"EntryPoint","urlTemplate":"https:\/\/amnionwomenscenter.org\/?s={search_term_string}"},"query-input":{"@type":"PropertyValueSpecification","valueRequired":true,"valueName":"search_term_string"}}],"inLanguage":"es"}]}},"_links":{"self":[{"href":"https:\/\/amnionwomenscenter.org\/es\/wp-json\/wp\/v2\/pages\/1191","targetHints":{"allow":["GET"]}}],"collection":[{"href":"https:\/\/amnionwomenscenter.org\/es\/wp-json\/wp\/v2\/pages"}],"about":[{"href":"https:\/\/amnionwomenscenter.org\/es\/wp-json\/wp\/v2\/types\/page"}],"author":[{"embeddable":true,"href":"https:\/\/amnionwomenscenter.org\/es\/wp-json\/wp\/v2\/users\/1"}],"replies":[{"embeddable":true,"href":"https:\/\/amnionwomenscenter.org\/es\/wp-json\/wp\/v2\/comments?post=1191"}],"version-history":[{"count":2,"href":"https:\/\/amnionwomenscenter.org\/es\/wp-json\/wp\/v2\/pages\/1191\/revisions"}],"predecessor-version":[{"id":1296,"href":"https:\/\/amnionwomenscenter.org\/es\/wp-json\/wp\/v2\/pages\/1191\/revisions\/1296"}],"up":[{"embeddable":true,"href":"https:\/\/amnionwomenscenter.org\/es\/wp-json\/wp\/v2\/pages\/1195"}],"wp:featuredmedia":[{"embeddable":true,"href":"https:\/\/amnionwomenscenter.org\/es\/wp-json\/wp\/v2\/media\/1159"}],"wp:attachment":[{"href":"https:\/\/amnionwomenscenter.org\/es\/wp-json\/wp\/v2\/media?parent=1191"}],"curies":[{"name":"wp","href":"https:\/\/api.w.org\/{rel}","templated":true}]}}