{"id":1192,"date":"2025-09-30T05:55:14","date_gmt":"2025-09-30T05:55:14","guid":{"rendered":"https:\/\/amnionwomenscenter.org\/opciones\/crianza\/"},"modified":"2026-01-26T19:59:25","modified_gmt":"2026-01-26T19:59:25","slug":"crianza","status":"publish","type":"page","link":"https:\/\/amnionwomenscenter.org\/es\/opciones\/crianza\/","title":{"rendered":"Crianza"},"content":{"rendered":"<h2 data-start=\"411\" data-end=\"451\">Explorando la opci\u00f3n de ser padres<\/h2>\n<p data-start=\"452\" data-end=\"782\">La paternidad puede ser una de las decisiones m\u00e1s significativas y desafiantes que jam\u00e1s tomar\u00e1. La idea de criar a un hijo puede hacerle sentir emoci\u00f3n e incertidumbre. Puede que se pregunte c\u00f3mo se las arreglar\u00e1, qu\u00e9 tipo de padre ser\u00e1 o por d\u00f3nde empezar.  <\/p>\n<p data-start=\"784\" data-end=\"1167\">En Amnion Women&#8217;s Center, entendemos que el camino de cada padre es \u00fanico. Por eso, nuestro equipo est\u00e1 aqu\u00ed para ayudarle a explorar c\u00f3mo podr\u00eda ser la paternidad en su vida. A trav\u00e9s de programas gratuitos y confidenciales y apoyo personalizado, le ayudaremos a encontrar herramientas, \u00e1nimo y recursos comunitarios para prepararle para el camino que tiene por delante.  <\/p>\n<h2 data-start=\"1174\" data-end=\"1222\">Evaluaci\u00f3n de esta opci\u00f3n<\/h2>\n<p data-start=\"477\" data-end=\"736\">Convertirse en padre es un gran paso. Es normal sentirse inseguro sobre lo que viene despu\u00e9s o preguntarse si est\u00e1 preparado. La situaci\u00f3n de cada persona es diferente y no hay una forma \u00abperfecta\u00bb de prepararse para la paternidad.  <\/p>\n<p data-start=\"738\" data-end=\"769\">Puede que se est\u00e9 preguntando:<\/p>\n<ul>\n<li data-start=\"772\" data-end=\"821\">\u00bfQu\u00e9 es lo que m\u00e1s me entusiasma de convertirme en padre?<\/li>\n<li data-start=\"772\" data-end=\"821\">\u00bfQu\u00e9 tipo de apoyo tengo ya y qu\u00e9 apoyo me ayudar\u00eda a sentirme m\u00e1s seguro?<\/li>\n<li data-start=\"772\" data-end=\"821\">\u00bfC\u00f3mo encajar\u00eda la paternidad con mis objetivos, estudios o carrera actuales?<\/li>\n<li data-start=\"772\" data-end=\"821\">\u00bfQu\u00e9 tipo de padre quiero ser y qu\u00e9 valores espero ense\u00f1ar a mi hijo?<\/li>\n<li data-start=\"772\" data-end=\"821\">\u00bfQui\u00e9n en mi vida puede ayudarme a dar este siguiente paso?<\/li>\n<\/ul>\n<p data-start=\"1152\" data-end=\"1530\">En Amnion Women&#8217;s Center, queremos que sepa que no tiene que tener todas las respuestas ahora mismo, que no tiene que hacerlo a la perfecci\u00f3n o que no tiene que hacerlo solo. Nuestros asesores est\u00e1n aqu\u00ed para escucharle y ayudarle a explorar c\u00f3mo podr\u00eda ser la paternidad para usted. <\/p>\n<p data-start=\"1152\" data-end=\"1530\">Juntos, podemos ayudarle a desarrollar la confianza y descubrir los recursos para facilitar su camino.<\/p>\n<h2 data-start=\"1174\" data-end=\"1222\">Capacit\u00e1ndole con servicios gratuitos<\/h2>\n<p data-start=\"1223\" data-end=\"1361\">Nuestro centro ofrece varias oportunidades para ayudarle a crecer en confianza y comprensi\u00f3n como padre. Estas incluyen: <\/p>\n<ul>\n<li data-start=\"1365\" data-end=\"1630\">Educaci\u00f3n prenatal y para padres<\/li>\n<li data-start=\"1365\" data-end=\"1630\">Clases para padres y apoyo con un asesor masculino dedicado<\/li>\n<li data-start=\"1365\" data-end=\"1630\">Recursos materiales, incluyendo pa\u00f1ales y ropa<\/li>\n<li data-start=\"1365\" data-end=\"1630\">Referencias comunitarias<\/li>\n<\/ul>\n<p>Adem\u00e1s, creemos que el apoyo debe ser accesible para todos. Estamos orgullosos de ofrecer asesores de habla hispana en d\u00edas concretos y un asesor que domina la lengua de signos americana para ayudar a los pacientes sordos o con problemas de audici\u00f3n. <\/p>\n<p data-start=\"3016\" data-end=\"3142\">Nuestro objetivo es garantizar que todos los pacientes se sientan comprendidos, respetados y valorados, independientemente de su idioma o necesidades de comunicaci\u00f3n.<\/p>\n<h2 data-start=\"3149\" data-end=\"3175\">No est\u00e1 sola<\/h2>\n<p data-start=\"3176\" data-end=\"3392\">La crianza de los hijos puede parecer abrumadora, pero no tiene por qu\u00e9 hacerlo solo. Nuestros asesores le acompa\u00f1ar\u00e1n en cada paso del camino, ofreci\u00e9ndole \u00e1nimo, <a href=\"https:\/\/amnionwomenscenter.org\/es\/servicios\/educacion-y-apoyo\/\" data-wpel-link=\"internal\">formaci\u00f3n<\/a> y acceso a recursos que le ayudar\u00e1n a prosperar. <\/p>\n<p data-start=\"3394\" data-end=\"3612\"><a href=\"https:\/\/amnionwomenscenter.org\/es\/solicitar-una-cita\/\" data-wpel-link=\"internal\">Programe<\/a> hoy mismo su cita gratuita y confidencial para obtener m\u00e1s informaci\u00f3n sobre nuestros programas para padres y descubrir c\u00f3mo Amnion Women&#8217;s Center puede ayudarle a construir una base s\u00f3lida y segura para el futuro de su familia.<\/p>\n","protected":false},"excerpt":{"rendered":"<p>Si est\u00e1 considerando la paternidad, inf\u00f3rmese sobre qu\u00e9 apoyo e informaci\u00f3n pueden ayudarle a decidir con confianza.<\/p>\n","protected":false},"author":1,"featured_media":0,"parent":1186,"menu_order":3,"comment_status":"closed","ping_status":"closed","template":"","meta":{"_acf_changed":false,"footnotes":""},"class_list":["post-1192","page","type-page","status-publish","hentry"],"acf":[],"yoast_head":"<!-- This site is optimized with the Yoast SEO plugin v27.6 - https:\/\/yoast.com\/product\/yoast-seo-wordpress\/ -->\n<title>\u00bfEst\u00e1 embarazada? | Servicios gratuitos en Burnsville, MN | Embarazo no planificado<\/title>\n<meta name=\"description\" content=\"Obtenga m\u00e1s informaci\u00f3n sobre la crianza de los hijos en esta publicaci\u00f3n. Obtenga pruebas de embarazo gratuitas, ecograf\u00edas, pruebas de ITS, informaci\u00f3n sobre el aborto y consultas sobre opciones en Amnion Women\u2019s Center.\" \/>\n<meta name=\"robots\" content=\"index, follow, max-snippet:-1, max-image-preview:large, max-video-preview:-1\" \/>\n<link rel=\"canonical\" href=\"https:\/\/amnionwomenscenter.org\/es\/opciones\/crianza\/\" \/>\n<meta property=\"og:locale\" content=\"es_ES\" \/>\n<meta property=\"og:type\" content=\"article\" \/>\n<meta property=\"og:title\" content=\"\u00bfEst\u00e1 embarazada? | Servicios gratuitos en Burnsville, MN | Embarazo no planificado\" \/>\n<meta property=\"og:description\" content=\"Obtenga m\u00e1s informaci\u00f3n sobre la crianza de los hijos en esta publicaci\u00f3n. Obtenga pruebas de embarazo gratuitas, ecograf\u00edas, pruebas de ITS, informaci\u00f3n sobre el aborto y consultas sobre opciones en Amnion Women\u2019s Center.\" \/>\n<meta property=\"og:url\" content=\"https:\/\/amnionwomenscenter.org\/es\/opciones\/crianza\/\" \/>\n<meta property=\"og:site_name\" content=\"Amnion Women&#039;s Center | Burnsville MN | abortion pill info\" \/>\n<meta property=\"article:modified_time\" content=\"2026-01-26T19:59:25+00:00\" \/>\n<meta name=\"twitter:card\" content=\"summary_large_image\" \/>\n<meta name=\"twitter:label1\" content=\"Tiempo de lectura\" \/>\n\t<meta name=\"twitter:data1\" content=\"3 minutos\" \/>\n<!-- \/ Yoast SEO plugin. -->","yoast_head_json":{"title":"\u00bfEst\u00e1 embarazada? | Servicios gratuitos en Burnsville, MN | Embarazo no planificado","description":"Obtenga m\u00e1s informaci\u00f3n sobre la crianza de los hijos en esta publicaci\u00f3n. Obtenga pruebas de embarazo gratuitas, ecograf\u00edas, pruebas de ITS, informaci\u00f3n sobre el aborto y consultas sobre opciones en Amnion Women\u2019s Center.","robots":{"index":"index","follow":"follow","max-snippet":"max-snippet:-1","max-image-preview":"max-image-preview:large","max-video-preview":"max-video-preview:-1"},"canonical":"https:\/\/amnionwomenscenter.org\/es\/opciones\/crianza\/","og_locale":"es_ES","og_type":"article","og_title":"\u00bfEst\u00e1 embarazada? | Servicios gratuitos en Burnsville, MN | Embarazo no planificado","og_description":"Obtenga m\u00e1s informaci\u00f3n sobre la crianza de los hijos en esta publicaci\u00f3n. Obtenga pruebas de embarazo gratuitas, ecograf\u00edas, pruebas de ITS, informaci\u00f3n sobre el aborto y consultas sobre opciones en Amnion Women\u2019s Center.","og_url":"https:\/\/amnionwomenscenter.org\/es\/opciones\/crianza\/","og_site_name":"Amnion Women&#039;s Center | Burnsville MN | abortion pill info","article_modified_time":"2026-01-26T19:59:25+00:00","twitter_card":"summary_large_image","twitter_misc":{"Tiempo de lectura":"3 minutos"},"schema":{"@context":"https:\/\/schema.org","@graph":[{"@type":"WebPage","@id":"https:\/\/amnionwomenscenter.org\/es\/opciones\/crianza\/","url":"https:\/\/amnionwomenscenter.org\/es\/opciones\/crianza\/","name":"\u00bfEst\u00e1 embarazada? | Servicios gratuitos en Burnsville, MN | Embarazo no planificado","isPartOf":{"@id":"https:\/\/amnionwomenscenter.org\/#website"},"datePublished":"2025-09-30T05:55:14+00:00","dateModified":"2026-01-26T19:59:25+00:00","description":"Obtenga m\u00e1s informaci\u00f3n sobre la crianza de los hijos en esta publicaci\u00f3n. Obtenga pruebas de embarazo gratuitas, ecograf\u00edas, pruebas de ITS, informaci\u00f3n sobre el aborto y consultas sobre opciones en Amnion Women\u2019s Center.","breadcrumb":{"@id":"https:\/\/amnionwomenscenter.org\/es\/opciones\/crianza\/#breadcrumb"},"inLanguage":"es","potentialAction":[{"@type":"ReadAction","target":["https:\/\/amnionwomenscenter.org\/es\/opciones\/crianza\/"]}]},{"@type":"BreadcrumbList","@id":"https:\/\/amnionwomenscenter.org\/es\/opciones\/crianza\/#breadcrumb","itemListElement":[{"@type":"ListItem","position":1,"name":"Home","item":"https:\/\/amnionwomenscenter.org\/es\/inicio\/"},{"@type":"ListItem","position":2,"name":"Opciones","item":"https:\/\/amnionwomenscenter.org\/es\/opciones\/"},{"@type":"ListItem","position":3,"name":"Crianza"}]},{"@type":"WebSite","@id":"https:\/\/amnionwomenscenter.org\/#website","url":"https:\/\/amnionwomenscenter.org\/","name":"Amnion Women&#039;s Center | Burnsville MN | abortion pill info","description":"","potentialAction":[{"@type":"SearchAction","target":{"@type":"EntryPoint","urlTemplate":"https:\/\/amnionwomenscenter.org\/?s={search_term_string}"},"query-input":{"@type":"PropertyValueSpecification","valueRequired":true,"valueName":"search_term_string"}}],"inLanguage":"es"}]}},"_links":{"self":[{"href":"https:\/\/amnionwomenscenter.org\/es\/wp-json\/wp\/v2\/pages\/1192","targetHints":{"allow":["GET"]}}],"collection":[{"href":"https:\/\/amnionwomenscenter.org\/es\/wp-json\/wp\/v2\/pages"}],"about":[{"href":"https:\/\/amnionwomenscenter.org\/es\/wp-json\/wp\/v2\/types\/page"}],"author":[{"embeddable":true,"href":"https:\/\/amnionwomenscenter.org\/es\/wp-json\/wp\/v2\/users\/1"}],"replies":[{"embeddable":true,"href":"https:\/\/amnionwomenscenter.org\/es\/wp-json\/wp\/v2\/comments?post=1192"}],"version-history":[{"count":2,"href":"https:\/\/amnionwomenscenter.org\/es\/wp-json\/wp\/v2\/pages\/1192\/revisions"}],"predecessor-version":[{"id":1323,"href":"https:\/\/amnionwomenscenter.org\/es\/wp-json\/wp\/v2\/pages\/1192\/revisions\/1323"}],"up":[{"embeddable":true,"href":"https:\/\/amnionwomenscenter.org\/es\/wp-json\/wp\/v2\/pages\/1186"}],"wp:attachment":[{"href":"https:\/\/amnionwomenscenter.org\/es\/wp-json\/wp\/v2\/media?parent=1192"}],"curies":[{"name":"wp","href":"https:\/\/api.w.org\/{rel}","templated":true}]}}