{"id":1193,"date":"2022-01-31T10:02:21","date_gmt":"2022-01-31T10:02:21","guid":{"rendered":"https:\/\/amnionwomenscenter.org\/embarazada\/"},"modified":"2025-12-01T15:29:52","modified_gmt":"2025-12-01T15:29:52","slug":"embarazada","status":"publish","type":"page","link":"https:\/\/amnionwomenscenter.org\/es\/embarazada\/","title":{"rendered":"\u00bfEmbarazada?"},"content":{"rendered":"&#13;\n<blockquote id=\"output\" class=\"wp-block-quote\">&#13;\n<h2 class=\"wp-block-heading\">\u00bfSe enfrenta a un embarazo inesperado?<\/h2>&#13;\n<\/blockquote>&#13;\n<p data-start=\"545\" data-end=\"806\">Discovering you might be pregnant can bring a lot of uncertainty, and you likely have many questions. Whether this pregnancy was planned or not, you don&#8217;t have to walk through it alone.<\/p>&#13;\n<p data-start=\"808\" data-end=\"1113\">At Amnion Women&#8217;s Center, our compassionate team is here for you. We offer no-cost pregnancy testing, ultrasounds, options consultations, and more, all in a supportive environment. Here, you can take a deep breath and figure out what&#8217;s next.<\/p>&#13;\n<h2 data-start=\"1115\" data-end=\"1399\">Obtenga respuestas en las que puede confiar<\/h2>&#13;\n<p data-start=\"1115\" data-end=\"1399\">Many women begin by taking a home pregnancy test. While these tests can be helpful, results may vary based on timing or how the test is used. Inaccurate results can occur from misreading the instructions or taking the test too early.<\/p>&#13;\n<p data-start=\"1115\" data-end=\"1399\">That&#8217;s why confirming your results with <a href=\"https:\/\/amnionwomenscenter.org\/es\/servicios\/pruebas-de-embarazo\/\" data-wpel-link=\"internal\">medical-grade testing<\/a> administered by our trained staff is so important.<\/p>&#13;\n<p data-start=\"1401\" data-end=\"1684\">If your test is positive, one of our nurses will meet with you to review your results. Our goal is to ensure you have the information and support you deserve.<\/p>&#13;\n<h2 data-start=\"1686\" data-end=\"1938\">Entendiendo el embarazo temprano<\/h2>&#13;\n<p data-start=\"1686\" data-end=\"1938\">Pregnancy <a href=\"https:\/\/www.mayoclinic.org\/healthy-lifestyle\/getting-pregnant\/in-depth\/symptoms-of-pregnancy\/art-20043853\" target=\"_blank\" rel=\"noopener external noreferrer\" data-wpel-link=\"external\">symptoms<\/a> can look different for everyone. Fatigue, nausea, mood swings, or missed periods can also indicate other health conditions, stress, and additional factors. The only way to confirm your pregnancy is through testing and an ultrasound.<\/p>&#13;\n<p data-start=\"1940\" data-end=\"2200\">If your pregnancy test is positive, you may qualify for a free <a href=\"https:\/\/amnionwomenscenter.org\/es\/servicios\/ecografias\/\" data-wpel-link=\"internal\">ultrasound<\/a> to confirm how far along you are and verify that the pregnancy is developing in the uterus. This scan also helps confirm viability, meaning whether a heartbeat is detected and the pregnancy is progressing.<\/p>&#13;\n<h2 data-start=\"2202\" data-end=\"2493\">No est\u00e1 sola<\/h2>&#13;\n<p data-start=\"2202\" data-end=\"2493\">Our caring team is here to listen to your unique situation and help you plan your next steps. You&#8217;ll have the opportunity to discuss your feelings and explore all your options in a supportive environment. You can also bring a friend, partner, or family member for support.<\/p>&#13;\n<p data-start=\"2495\" data-end=\"2703\"><a href=\"https:\/\/amnionwomenscenter.org\/es\/solicitar-una-cita\/\" data-wpel-link=\"internal\">Schedule<\/a> your free, confidential appointment at Amnion Women&#8217;s Center today.<\/p>&#13;\n","protected":false},"excerpt":{"rendered":"<p>&#13; &#13; \u00bfSe enfrenta a un embarazo inesperado? &#13; &#13; Discovering you might be pregnant can bring a lot of uncertainty, and you likely have many questions. Whether this pregnancy was planned or not, you don&#8217;t have to walk through it alone. &#13; At Amnion Women&#8217;s Center, our compassionate team is here for you. We<\/p>\n","protected":false},"author":1,"featured_media":0,"parent":0,"menu_order":0,"comment_status":"closed","ping_status":"closed","template":"","meta":{"_acf_changed":false,"footnotes":""},"class_list":["post-1193","page","type-page","status-publish","hentry"],"acf":[],"yoast_head":"<!-- This site is optimized with the Yoast SEO plugin v27.6 - https:\/\/yoast.com\/product\/yoast-seo-wordpress\/ -->\n<title>Mi pareja est\u00e1 embarazada | Burnsville, MN | Amnion Women&#039;s Center<\/title>\n<meta name=\"description\" content=\"Verificaci\u00f3n gratuita de embarazo, evaluaciones de aborto, consultas sobre opciones e informaci\u00f3n sobre la p\u00edldora abortiva. Servicios gratuitos. Reservar ahora.\" \/>\n<meta name=\"robots\" content=\"index, follow, max-snippet:-1, max-image-preview:large, max-video-preview:-1\" \/>\n<link rel=\"canonical\" href=\"https:\/\/amnionwomenscenter.org\/es\/embarazada\/\" \/>\n<meta property=\"og:locale\" content=\"es_ES\" \/>\n<meta property=\"og:type\" content=\"article\" \/>\n<meta property=\"og:title\" content=\"Mi pareja est\u00e1 embarazada | Burnsville, MN | Amnion Women&#039;s Center\" \/>\n<meta property=\"og:description\" content=\"Verificaci\u00f3n gratuita de embarazo, evaluaciones de aborto, consultas sobre opciones e informaci\u00f3n sobre la p\u00edldora abortiva. Servicios gratuitos. Reservar ahora.\" \/>\n<meta property=\"og:url\" content=\"https:\/\/amnionwomenscenter.org\/es\/embarazada\/\" \/>\n<meta property=\"og:site_name\" content=\"Amnion Women&#039;s Center | Burnsville MN | abortion pill info\" \/>\n<meta property=\"article:modified_time\" content=\"2025-12-01T15:29:52+00:00\" \/>\n<meta name=\"twitter:card\" content=\"summary_large_image\" \/>\n<meta name=\"twitter:label1\" content=\"Tiempo de lectura\" \/>\n\t<meta name=\"twitter:data1\" content=\"2 minutos\" \/>\n<!-- \/ Yoast SEO plugin. -->","yoast_head_json":{"title":"Mi pareja est\u00e1 embarazada | Burnsville, MN | Amnion Women's Center","description":"Verificaci\u00f3n gratuita de embarazo, evaluaciones de aborto, consultas sobre opciones e informaci\u00f3n sobre la p\u00edldora abortiva. Servicios gratuitos. Reservar ahora.","robots":{"index":"index","follow":"follow","max-snippet":"max-snippet:-1","max-image-preview":"max-image-preview:large","max-video-preview":"max-video-preview:-1"},"canonical":"https:\/\/amnionwomenscenter.org\/es\/embarazada\/","og_locale":"es_ES","og_type":"article","og_title":"Mi pareja est\u00e1 embarazada | Burnsville, MN | Amnion Women's Center","og_description":"Verificaci\u00f3n gratuita de embarazo, evaluaciones de aborto, consultas sobre opciones e informaci\u00f3n sobre la p\u00edldora abortiva. Servicios gratuitos. Reservar ahora.","og_url":"https:\/\/amnionwomenscenter.org\/es\/embarazada\/","og_site_name":"Amnion Women&#039;s Center | Burnsville MN | abortion pill info","article_modified_time":"2025-12-01T15:29:52+00:00","twitter_card":"summary_large_image","twitter_misc":{"Tiempo de lectura":"2 minutos"},"schema":{"@context":"https:\/\/schema.org","@graph":[{"@type":"WebPage","@id":"https:\/\/amnionwomenscenter.org\/es\/embarazada\/","url":"https:\/\/amnionwomenscenter.org\/es\/embarazada\/","name":"Mi pareja est\u00e1 embarazada | Burnsville, MN | Amnion Women's Center","isPartOf":{"@id":"https:\/\/amnionwomenscenter.org\/#website"},"datePublished":"2022-01-31T10:02:21+00:00","dateModified":"2025-12-01T15:29:52+00:00","description":"Verificaci\u00f3n gratuita de embarazo, evaluaciones de aborto, consultas sobre opciones e informaci\u00f3n sobre la p\u00edldora abortiva. Servicios gratuitos. Reservar ahora.","breadcrumb":{"@id":"https:\/\/amnionwomenscenter.org\/es\/embarazada\/#breadcrumb"},"inLanguage":"es","potentialAction":[{"@type":"ReadAction","target":["https:\/\/amnionwomenscenter.org\/es\/embarazada\/"]}]},{"@type":"BreadcrumbList","@id":"https:\/\/amnionwomenscenter.org\/es\/embarazada\/#breadcrumb","itemListElement":[{"@type":"ListItem","position":1,"name":"Home","item":"https:\/\/amnionwomenscenter.org\/es\/inicio\/"},{"@type":"ListItem","position":2,"name":"\u00bfEmbarazada?"}]},{"@type":"WebSite","@id":"https:\/\/amnionwomenscenter.org\/#website","url":"https:\/\/amnionwomenscenter.org\/","name":"Amnion Women&#039;s Center | Burnsville MN | abortion pill info","description":"","potentialAction":[{"@type":"SearchAction","target":{"@type":"EntryPoint","urlTemplate":"https:\/\/amnionwomenscenter.org\/?s={search_term_string}"},"query-input":{"@type":"PropertyValueSpecification","valueRequired":true,"valueName":"search_term_string"}}],"inLanguage":"es"}]}},"_links":{"self":[{"href":"https:\/\/amnionwomenscenter.org\/es\/wp-json\/wp\/v2\/pages\/1193","targetHints":{"allow":["GET"]}}],"collection":[{"href":"https:\/\/amnionwomenscenter.org\/es\/wp-json\/wp\/v2\/pages"}],"about":[{"href":"https:\/\/amnionwomenscenter.org\/es\/wp-json\/wp\/v2\/types\/page"}],"author":[{"embeddable":true,"href":"https:\/\/amnionwomenscenter.org\/es\/wp-json\/wp\/v2\/users\/1"}],"replies":[{"embeddable":true,"href":"https:\/\/amnionwomenscenter.org\/es\/wp-json\/wp\/v2\/comments?post=1193"}],"version-history":[{"count":1,"href":"https:\/\/amnionwomenscenter.org\/es\/wp-json\/wp\/v2\/pages\/1193\/revisions"}],"predecessor-version":[{"id":1194,"href":"https:\/\/amnionwomenscenter.org\/es\/wp-json\/wp\/v2\/pages\/1193\/revisions\/1194"}],"wp:attachment":[{"href":"https:\/\/amnionwomenscenter.org\/es\/wp-json\/wp\/v2\/media?parent=1193"}],"curies":[{"name":"wp","href":"https:\/\/api.w.org\/{rel}","templated":true}]}}