{"id":1199,"date":"2023-02-10T09:06:03","date_gmt":"2023-02-10T09:06:03","guid":{"rendered":"https:\/\/amnionwomenscenter.org\/servicios\/pruebas-de-embarazo\/"},"modified":"2025-12-28T23:24:26","modified_gmt":"2025-12-28T23:24:26","slug":"pruebas-de-embarazo","status":"publish","type":"page","link":"https:\/\/amnionwomenscenter.org\/es\/servicios\/pruebas-de-embarazo\/","title":{"rendered":"Pruebas de embarazo"},"content":{"rendered":"<h2 data-start=\"369\" data-end=\"406\">Comience con una respuesta en la que pueda confiar<\/h2>\n<p data-start=\"407\" data-end=\"677\">Cuando se enfrenta a un embarazo inesperado, es importante tener respuestas claras. Tanto si ya se ha hecho una prueba casera como si a\u00fan no est\u00e1 segura, Amnion Women&#8217;s Center le ofrece un entorno seguro y de apoyo para obtener las respuestas que necesita. <\/p>\n<p data-start=\"679\" data-end=\"866\">Nuestras pruebas de embarazo confidenciales y gratuitas le proporcionan resultados fiables y el apoyo que se merece al dar su siguiente paso.<\/p>\n<h3 data-start=\"873\" data-end=\"915\">\u00bfPor qu\u00e9 son importantes las pruebas profesionales?<\/h3>\n<p data-start=\"916\" data-end=\"1114\">Las pruebas de embarazo caseras pueden ser un primer paso \u00fatil, pero no siempre son precisas. Hacerse la prueba demasiado pronto, utilizar un kit caducado o interpretar mal los resultados puede generar confusi\u00f3n y estr\u00e9s innecesario. <\/p>\n<p data-start=\"1116\" data-end=\"1500\">En Amnion, ofrecemos pruebas de embarazo de grado m\u00e9dico que detectan la hormona del embarazo, <a href=\"https:\/\/www.mayoclinic.org\/healthy-lifestyle\/getting-pregnant\/in-depth\/home-pregnancy-tests\/art-20047940#:~:text=The%20placenta%20makes%20the%20pregnancy%20hormone%20human%20chorionic%20gonadotropin%20(HCG).%20HCG%20can%20be%20found%20in%20blood%20and%20urine.%20HCG%20is%20present%20in%20the%20body%20only%20during%20pregnancy.\" target=\"_blank\" rel=\"noopener external noreferrer\" data-wpel-link=\"external\">gonadotropina cori\u00f3nica humana<\/a> (hCG), con mayor precisi\u00f3n que la mayor\u00eda de las pruebas de venta libre. Nuestras enfermeras revisar\u00e1n sus resultados con usted de forma privada, responder\u00e1n a sus preguntas y le explicar\u00e1n cu\u00e1les podr\u00edan ser los siguientes pasos seg\u00fan su situaci\u00f3n particular.<\/p>\n<h3 data-start=\"1507\" data-end=\"1536\">\u00bfCu\u00e1ndo hacerse una prueba?<\/h3>\n<p data-start=\"1537\" data-end=\"1678\">Si se le ha retrasado la menstruaci\u00f3n o est\u00e1 notando s\u00edntomas como fatiga, n\u00e1useas, sensibilidad en los senos o cambios de humor, puede que sea el momento de hacerse una prueba.<\/p>\n<p data-start=\"1537\" data-end=\"1678\">Otros <a href=\"https:\/\/www.mayoclinic.org\/healthy-lifestyle\/getting-pregnant\/in-depth\/symptoms-of-pregnancy\/art-20043853\" target=\"_blank\" rel=\"noopener external noreferrer\" data-wpel-link=\"external\">s\u00edntomas<\/a> a tener en cuenta son:<\/p>\n<ul>\n<li data-start=\"1537\" data-end=\"1678\">Micci\u00f3n frecuente<\/li>\n<li data-start=\"1537\" data-end=\"1678\">Hinchaz\u00f3n<\/li>\n<li data-start=\"1537\" data-end=\"1678\">Calambres<\/li>\n<li data-start=\"1537\" data-end=\"1678\">Estre\u00f1imiento<\/li>\n<li data-start=\"1537\" data-end=\"1678\">Aversi\u00f3n a los alimentos<\/li>\n<li data-start=\"1537\" data-end=\"1678\">Congesti\u00f3n nasal<\/li>\n<\/ul>\n<p data-start=\"1680\" data-end=\"1895\">Para obtener los resultados m\u00e1s precisos, los expertos <a href=\"https:\/\/www.mayoclinic.org\/healthy-lifestyle\/getting-pregnant\/in-depth\/home-pregnancy-tests\/art-20047940#:~:text=A%20home%20pregnancy%20test%20checks,and%20show%20a%20positive%20result.\" target=\"_blank\" rel=\"noopener external noreferrer\" data-wpel-link=\"external\">recomiendan<\/a> realizar la prueba unos d\u00edas despu\u00e9s de la falta del periodo, preferiblemente utilizando la primera muestra de orina de la ma\u00f1ana, cuando los niveles hormonales est\u00e1n m\u00e1s concentrados.<\/p>\n<p data-start=\"1897\" data-end=\"2003\">Si la prueba es negativa pero los s\u00edntomas persisten, nuestro equipo puede recomendarle que se repita la prueba despu\u00e9s de varios d\u00edas.<\/p>\n<h2 data-start=\"2010\" data-end=\"2041\">Despu\u00e9s de una prueba positiva<\/h2>\n<p data-start=\"2042\" data-end=\"2217\">Si su prueba de embarazo es positiva, ese es un primer paso esencial, pero no confirma todos los detalles de su embarazo. Para proteger su salud, es fundamental saber: <\/p>\n<ul>\n<li data-start=\"2220\" data-end=\"2247\">De cu\u00e1ntas semanas est\u00e1<\/li>\n<li data-start=\"2220\" data-end=\"2247\">Si el embarazo es viable (se desarrolla con un latido card\u00edaco detectable)<\/li>\n<li data-start=\"2220\" data-end=\"2247\">D\u00f3nde se encuentra el embarazo<\/li>\n<\/ul>\n<p data-start=\"2410\" data-end=\"2648\">Puede que cumpla los requisitos para una <a href=\"https:\/\/amnionwomenscenter.org\/es\/servicios\/ecografias\/\" data-wpel-link=\"internal\">ecograf\u00eda<\/a> gratuita en Amnion Women\u2019s Center para confirmar estos detalles. Nuestra enfermera le guiar\u00e1 a trav\u00e9s de este proceso y se asegurar\u00e1 de que pueda acceder a apoyo e informaci\u00f3n continuos.<\/p>\n<h2 data-start=\"2655\" data-end=\"2681\">No est\u00e1 sola<\/h2>\n<p data-start=\"2682\" data-end=\"2909\">Descubrir que podr\u00eda estar embarazada puede traer muchas emociones, pero no tiene que enfrentarlas sola. Estamos aqu\u00ed para escuchar, apoyar y caminar con usted a trav\u00e9s de este momento y los que siguen. <\/p>\n<p data-start=\"2911\" data-end=\"3093\"><a href=\"https:\/\/amnionwomenscenter.org\/es\/solicitar-una-cita\/\" data-wpel-link=\"internal\">Programe<\/a> hoy mismo su cita gratuita y confidencial para la prueba de embarazo en Amnion Women&#8217;s Center.<\/p>\n","protected":false},"excerpt":{"rendered":"<p>\u00bfSe pregunta si est\u00e1 embarazada? Una prueba de embarazo de grado m\u00e9dico le proporcionar\u00e1 un resultado preciso. <\/p>\n","protected":false},"author":1,"featured_media":1200,"parent":1195,"menu_order":1,"comment_status":"closed","ping_status":"closed","template":"","meta":{"_acf_changed":false,"footnotes":""},"class_list":["post-1199","page","type-page","status-publish","has-post-thumbnail","hentry"],"acf":[],"yoast_head":"<!-- This site is optimized with the Yoast SEO plugin v27.6 - https:\/\/yoast.com\/product\/yoast-seo-wordpress\/ -->\n<title>Pruebas de embarazo gratuitas | Burnsville MN | Amnion Women&#039;s Center<\/title>\n<meta name=\"description\" content=\"Obtenga m\u00e1s informaci\u00f3n sobre nuestros servicios de pruebas de embarazo en esta p\u00e1gina. Servicios gratuitos y confidenciales para mujeres. \u00a1P\u00f3ngase en contacto con nosotros!\" \/>\n<meta name=\"robots\" content=\"index, follow, max-snippet:-1, max-image-preview:large, max-video-preview:-1\" \/>\n<link rel=\"canonical\" href=\"https:\/\/amnionwomenscenter.org\/es\/servicios\/pruebas-de-embarazo\/\" \/>\n<meta property=\"og:locale\" content=\"es_ES\" \/>\n<meta property=\"og:type\" content=\"article\" \/>\n<meta property=\"og:title\" content=\"Pruebas de embarazo gratuitas | Burnsville MN | Amnion Women&#039;s Center\" \/>\n<meta property=\"og:description\" content=\"Obtenga m\u00e1s informaci\u00f3n sobre nuestros servicios de pruebas de embarazo en esta p\u00e1gina. Servicios gratuitos y confidenciales para mujeres. \u00a1P\u00f3ngase en contacto con nosotros!\" \/>\n<meta property=\"og:url\" content=\"https:\/\/amnionwomenscenter.org\/es\/servicios\/pruebas-de-embarazo\/\" \/>\n<meta property=\"og:site_name\" content=\"Amnion Women&#039;s Center | Burnsville MN | abortion pill info\" \/>\n<meta property=\"article:modified_time\" content=\"2025-12-28T23:24:26+00:00\" \/>\n<meta property=\"og:image\" content=\"https:\/\/amnionwomenscenter.org\/wp-content\/uploads\/2023\/02\/Pregnancy-Test-Icon-2-e1763379906682.png\" \/>\n\t<meta property=\"og:image:width\" content=\"80\" \/>\n\t<meta property=\"og:image:height\" content=\"82\" \/>\n\t<meta property=\"og:image:type\" content=\"image\/png\" \/>\n<meta name=\"twitter:card\" content=\"summary_large_image\" \/>\n<meta name=\"twitter:label1\" content=\"Tiempo de lectura\" \/>\n\t<meta name=\"twitter:data1\" content=\"2 minutos\" \/>\n<!-- \/ Yoast SEO plugin. -->","yoast_head_json":{"title":"Pruebas de embarazo gratuitas | Burnsville MN | Amnion Women's Center","description":"Obtenga m\u00e1s informaci\u00f3n sobre nuestros servicios de pruebas de embarazo en esta p\u00e1gina. Servicios gratuitos y confidenciales para mujeres. \u00a1P\u00f3ngase en contacto con nosotros!","robots":{"index":"index","follow":"follow","max-snippet":"max-snippet:-1","max-image-preview":"max-image-preview:large","max-video-preview":"max-video-preview:-1"},"canonical":"https:\/\/amnionwomenscenter.org\/es\/servicios\/pruebas-de-embarazo\/","og_locale":"es_ES","og_type":"article","og_title":"Pruebas de embarazo gratuitas | Burnsville MN | Amnion Women's Center","og_description":"Obtenga m\u00e1s informaci\u00f3n sobre nuestros servicios de pruebas de embarazo en esta p\u00e1gina. Servicios gratuitos y confidenciales para mujeres. \u00a1P\u00f3ngase en contacto con nosotros!","og_url":"https:\/\/amnionwomenscenter.org\/es\/servicios\/pruebas-de-embarazo\/","og_site_name":"Amnion Women&#039;s Center | Burnsville MN | abortion pill info","article_modified_time":"2025-12-28T23:24:26+00:00","og_image":[{"width":80,"height":82,"url":"https:\/\/amnionwomenscenter.org\/wp-content\/uploads\/2023\/02\/Pregnancy-Test-Icon-2-e1763379906682.png","type":"image\/png"}],"twitter_card":"summary_large_image","twitter_misc":{"Tiempo de lectura":"2 minutos"},"schema":{"@context":"https:\/\/schema.org","@graph":[{"@type":"WebPage","@id":"https:\/\/amnionwomenscenter.org\/es\/servicios\/pruebas-de-embarazo\/","url":"https:\/\/amnionwomenscenter.org\/es\/servicios\/pruebas-de-embarazo\/","name":"Pruebas de embarazo gratuitas | Burnsville MN | Amnion Women's Center","isPartOf":{"@id":"https:\/\/amnionwomenscenter.org\/#website"},"primaryImageOfPage":{"@id":"https:\/\/amnionwomenscenter.org\/es\/servicios\/pruebas-de-embarazo\/#primaryimage"},"image":{"@id":"https:\/\/amnionwomenscenter.org\/es\/servicios\/pruebas-de-embarazo\/#primaryimage"},"thumbnailUrl":"https:\/\/amnionwomenscenter.org\/wp-content\/uploads\/2023\/02\/Pregnancy-Test-Icon-2-e1763379906682.png","datePublished":"2023-02-10T09:06:03+00:00","dateModified":"2025-12-28T23:24:26+00:00","description":"Obtenga m\u00e1s informaci\u00f3n sobre nuestros servicios de pruebas de embarazo en esta p\u00e1gina. Servicios gratuitos y confidenciales para mujeres. \u00a1P\u00f3ngase en contacto con nosotros!","breadcrumb":{"@id":"https:\/\/amnionwomenscenter.org\/es\/servicios\/pruebas-de-embarazo\/#breadcrumb"},"inLanguage":"es","potentialAction":[{"@type":"ReadAction","target":["https:\/\/amnionwomenscenter.org\/es\/servicios\/pruebas-de-embarazo\/"]}]},{"@type":"ImageObject","inLanguage":"es","@id":"https:\/\/amnionwomenscenter.org\/es\/servicios\/pruebas-de-embarazo\/#primaryimage","url":"https:\/\/amnionwomenscenter.org\/wp-content\/uploads\/2023\/02\/Pregnancy-Test-Icon-2-e1763379906682.png","contentUrl":"https:\/\/amnionwomenscenter.org\/wp-content\/uploads\/2023\/02\/Pregnancy-Test-Icon-2-e1763379906682.png","width":80,"height":82,"caption":"icono de prueba de embarazo"},{"@type":"BreadcrumbList","@id":"https:\/\/amnionwomenscenter.org\/es\/servicios\/pruebas-de-embarazo\/#breadcrumb","itemListElement":[{"@type":"ListItem","position":1,"name":"Home","item":"https:\/\/amnionwomenscenter.org\/es\/inicio\/"},{"@type":"ListItem","position":2,"name":"Servicios","item":"https:\/\/amnionwomenscenter.org\/es\/servicios\/"},{"@type":"ListItem","position":3,"name":"Pruebas de embarazo"}]},{"@type":"WebSite","@id":"https:\/\/amnionwomenscenter.org\/#website","url":"https:\/\/amnionwomenscenter.org\/","name":"Amnion Women&#039;s Center | Burnsville MN | abortion pill info","description":"","potentialAction":[{"@type":"SearchAction","target":{"@type":"EntryPoint","urlTemplate":"https:\/\/amnionwomenscenter.org\/?s={search_term_string}"},"query-input":{"@type":"PropertyValueSpecification","valueRequired":true,"valueName":"search_term_string"}}],"inLanguage":"es"}]}},"_links":{"self":[{"href":"https:\/\/amnionwomenscenter.org\/es\/wp-json\/wp\/v2\/pages\/1199","targetHints":{"allow":["GET"]}}],"collection":[{"href":"https:\/\/amnionwomenscenter.org\/es\/wp-json\/wp\/v2\/pages"}],"about":[{"href":"https:\/\/amnionwomenscenter.org\/es\/wp-json\/wp\/v2\/types\/page"}],"author":[{"embeddable":true,"href":"https:\/\/amnionwomenscenter.org\/es\/wp-json\/wp\/v2\/users\/1"}],"replies":[{"embeddable":true,"href":"https:\/\/amnionwomenscenter.org\/es\/wp-json\/wp\/v2\/comments?post=1199"}],"version-history":[{"count":1,"href":"https:\/\/amnionwomenscenter.org\/es\/wp-json\/wp\/v2\/pages\/1199\/revisions"}],"predecessor-version":[{"id":1288,"href":"https:\/\/amnionwomenscenter.org\/es\/wp-json\/wp\/v2\/pages\/1199\/revisions\/1288"}],"up":[{"embeddable":true,"href":"https:\/\/amnionwomenscenter.org\/es\/wp-json\/wp\/v2\/pages\/1195"}],"wp:featuredmedia":[{"embeddable":true,"href":"https:\/\/amnionwomenscenter.org\/es\/wp-json\/wp\/v2\/media\/1200"}],"wp:attachment":[{"href":"https:\/\/amnionwomenscenter.org\/es\/wp-json\/wp\/v2\/media?parent=1199"}],"curies":[{"name":"wp","href":"https:\/\/api.w.org\/{rel}","templated":true}]}}