{"id":1202,"date":"2022-01-31T10:04:52","date_gmt":"2022-01-31T10:04:52","guid":{"rendered":"https:\/\/amnionwomenscenter.org\/opciones\/aborto\/"},"modified":"2022-01-31T10:04:52","modified_gmt":"2022-01-31T10:04:52","slug":"aborto","status":"publish","type":"page","link":"https:\/\/amnionwomenscenter.org\/es\/opciones\/aborto\/","title":{"rendered":"Aborto"},"content":{"rendered":"<h2 data-start=\"84\" data-end=\"118\">Entendiendo sus opciones<\/h2>\n<p data-start=\"119\" data-end=\"361\">Si se enfrenta a un embarazo inesperado, puede que est\u00e9 pensando en el aborto y buscando informaci\u00f3n clara y fiable. Es natural tener preguntas e incluso emociones encontradas, pero no tiene por qu\u00e9 afrontar el proceso de toma de decisiones por su cuenta. <\/p>\n<p data-start=\"363\" data-end=\"702\">En Amnion Women&#8217;s Center, nuestras enfermeras le proporcionar\u00e1n informaci\u00f3n precisa y objetiva sobre los procedimientos de aborto, los posibles efectos secundarios y los posibles riesgos. Todas las citas son gratuitas y confidenciales, y puede hacer preguntas en un entorno de atenci\u00f3n. <\/p>\n<h2 data-start=\"843\" data-end=\"868\">Tipos de aborto<\/h2>\n<p data-start=\"869\" data-end=\"1055\">Existen dos tipos principales de aborto: el aborto m\u00e9dico (tambi\u00e9n conocido como la p\u00edldora abortiva) y el aborto quir\u00fargico. El tipo que se realiza depende de lo avanzado que est\u00e9 su embarazo, lo que se conoce como \u00abedad gestacional\u00bb. <\/p>\n<h3 data-start=\"1057\" data-end=\"1098\">Aborto m\u00e9dico (p\u00edldora abortiva)<\/h3>\n<p data-start=\"1099\" data-end=\"1364\">La p\u00edldora abortiva suele utilizar dos <a href=\"https:\/\/www.mayoclinic.org\/tests-procedures\/medical-abortion\/about\/pac-20394687#:~:text=Mifepristone%20blocks%20the%20hormone%20progesterone.%20This%20causes%20the%20lining%20of%20the%20uterus%20to%20thin.%20It%20prevents%20the%20embryo%20from%20staying%20attached%20to%20the%20uterine%20wall%20and%20growing.%20Misoprostol%20causes%20the%20uterus%20to%20contract%20and%20expel%20the%20embryo%20through%20the%20vagina.\" target=\"_blank\" rel=\"noopener external noreferrer\" data-wpel-link=\"external\">f\u00e1rmacos<\/a>, la mifepristona y el misoprostol, para interrumpir un embarazo. La mifepristona bloquea la progesterona, una hormona necesaria para mantener un embarazo. El segundo provoca contracciones uterinas para expulsar el contenido del \u00fatero.  <\/p>\n<p data-start=\"1366\" data-end=\"1430\">Este m\u00e9todo est\u00e1 <a href=\"https:\/\/www.fda.gov\/drugs\/postmarket-drug-safety-information-patients-and-providers\/information-about-mifepristone-medical-termination-pregnancy-through-ten-weeks-gestation\" target=\"_blank\" rel=\"noopener external noreferrer\" data-wpel-link=\"external\">aprobado por la FDA<\/a> hasta las 10 semanas de embarazo. Tomar los f\u00e1rmacos abortivos provocar\u00e1 calambres abdominales y sangrado vaginal, que pueden ser <a href=\"https:\/\/pmc.ncbi.nlm.nih.gov\/articles\/PMC10082597\/#:~:text=Participants%20described%20undergoing%20severe%20pain%2C%20comparable%20to%20giving%20birth%2C%20during%20the%20medical%20abortion.\" target=\"_blank\" rel=\"noopener external noreferrer\" data-wpel-link=\"external\">intensos<\/a>. <\/p>\n<p data-start=\"1432\" data-end=\"1468\">Los <a href=\"https:\/\/www.mayoclinic.org\/tests-procedures\/medical-abortion\/about\/pac-20394687#:~:text=They%20also%20may%20also,Headache.\" target=\"_blank\" rel=\"noopener external noreferrer\" data-wpel-link=\"external\">efectos secundarios<\/a> adicionales pueden incluir:<\/p>\n<ul>\n<li>Malestar estomacal<\/li>\n<li>V\u00f3mitos<\/li>\n<li>Fiebre<\/li>\n<li>Escalofr\u00edos<\/li>\n<li>Diarrea<\/li>\n<li>Dolor de cabeza<\/li>\n<\/ul>\n<p data-start=\"1565\" data-end=\"1592\">Los posibles <a href=\"https:\/\/www.mayoclinic.org\/tests-procedures\/medical-abortion\/about\/pac-20394687#:~:text=The%20body%20not,as%20upset%20stomach.\" target=\"_blank\" rel=\"noopener external noreferrer\" data-wpel-link=\"external\">riesgos<\/a> incluyen:<\/p>\n<ul>\n<li>S\u00edntomas digestivos<\/li>\n<li>Fiebre<\/li>\n<li>Infecci\u00f3n<\/li>\n<li>Sangrado abundante y prolongado<\/li>\n<li>Aborto incompleto (cuando el tejido del embarazo permanece en el \u00fatero, lo que requiere otro procedimiento)<\/li>\n<\/ul>\n<h3 data-start=\"1748\" data-end=\"1774\">Aborto quir\u00fargico<\/h3>\n<p data-start=\"1775\" data-end=\"1946\">El <a href=\"https:\/\/www.mayoclinic.org\/tests-procedures\/dilation-and-curettage\/about\/pac-20384910#:~:text=In%20a%20dilation%20and%20curettage%2C%20small%20instruments%20or%20a%20medication%20is%20used%20to%20open%20(dilate)%20the%20lower%2C%20narrow%20part%20of%20your%20uterus%20(cervix).%20Next%2C%20a%20surgical%20instrument%20called%20a%20curette%2C%20which%20can%20be%20a%20sharp%20instrument%20or%20suction%20device%2C%20is%20used%20to%20remove%20uterine%20tissue.\" target=\"_blank\" rel=\"noopener external noreferrer\" data-wpel-link=\"external\">aborto quir\u00fargico<\/a> se realiza en el consultorio de un m\u00e9dico, en un hospital o en una cl\u00ednica. Se utilizan f\u00e1rmacos o instrumentos para dilatar (abrir) el cuello uterino. A continuaci\u00f3n, un proveedor de abortos utiliza una mezcla de herramientas de raspado y succi\u00f3n para interrumpir y extraer el embarazo. El tipo de procedimiento depende de la edad gestacional y suele ser m\u00e1s complicado a medida que avanza el embarazo.   <\/p>\n<p data-start=\"1948\" data-end=\"1984\">Los <a href=\"https:\/\/www.mayoclinic.org\/tests-procedures\/dilation-and-curettage\/about\/pac-20384910#:~:text=Typical%20side%20effects,or%20light%20bleeding\" target=\"_blank\" rel=\"noopener external noreferrer\" data-wpel-link=\"external\">efectos secundarios<\/a> comunes pueden incluir:<\/p>\n<ul>\n<li data-start=\"1987\" data-end=\"1997\">Calambres leves<\/li>\n<li data-start=\"1987\" data-end=\"1997\">Manchado o sangrado leve<\/li>\n<\/ul>\n<p data-start=\"2030\" data-end=\"2057\">Los posibles <a href=\"https:\/\/www.mayoclinic.org\/tests-procedures\/dilation-and-curettage\/about\/pac-20384910#:~:text=Perforation%20of%20the,C%20is%20rare.\" target=\"_blank\" rel=\"noopener external noreferrer\" data-wpel-link=\"external\">riesgos<\/a> incluyen:<\/p>\n<ul>\n<li>Perforaci\u00f3n uterina (cuando un instrumento quir\u00fargico hace un agujero en el \u00fatero)<\/li>\n<li>Da\u00f1os en el cuello uterino<\/li>\n<li>Tejido cicatricial en la pared uterina (que puede causar periodos dolorosos e infertilidad)<\/li>\n<li>Infecci\u00f3n<\/li>\n<\/ul>\n<h2 data-start=\"2178\" data-end=\"2211\">Por qu\u00e9 es importante una ecograf\u00eda<\/h2>\n<p data-start=\"2212\" data-end=\"2352\">Antes de considerar el aborto, es fundamental verificar su embarazo con una ecograf\u00eda. Una ecograf\u00eda puede determinar: <\/p>\n<ul>\n<li data-start=\"2355\" data-end=\"2396\">Lo avanzado que est\u00e1 su embarazo (edad gestacional)<\/li>\n<li data-start=\"2355\" data-end=\"2396\">Si el embarazo est\u00e1 progresando y hay latido card\u00edaco (viabilidad)<\/li>\n<li data-start=\"2355\" data-end=\"2396\">Si el embarazo est\u00e1 localizado en el \u00fatero (no es ect\u00f3pico)<\/li>\n<\/ul>\n<p>Estos detalles son cruciales para su seguridad. En Amnion Women&#8217;s Center, ofrecemos <a style=\"background-color: #ffffff;\" href=\"https:\/\/amnionwomenscenter.org\/es\/servicios\/ecografias\/\" data-wpel-link=\"internal\">ecograf\u00edas<\/a> gratuitas para pacientes que cumplan los requisitos tras una prueba de embarazo positiva. <\/p>\n<h2 data-start=\"2690\" data-end=\"2733\">Apoyo confidencial<\/h2>\n<p data-start=\"2734\" data-end=\"2947\">En Amnion, nunca ser\u00e1 juzgada ni presionada. Nuestras enfermeras est\u00e1n aqu\u00ed para escucharla, apoyarla y proporcionarle informaci\u00f3n m\u00e9dica precisa para que pueda tomar una decisi\u00f3n que priorice su salud y bienestar. <\/p>\n<p data-start=\"2949\" data-end=\"3163\"><a href=\"https:\/\/amnionwomenscenter.org\/es\/solicitar-una-cita\/\" data-wpel-link=\"internal\">Programe<\/a> hoy mismo una cita gratuita y confidencial en Amnion Women&#8217;s Center para obtener m\u00e1s informaci\u00f3n.<\/p>\n<p data-start=\"2949\" data-end=\"3163\"><em>Amnion Women&#8217;s Center no proporciona abortos ni deriva a centros que los practiquen.<\/em><\/p>\n","protected":false},"excerpt":{"rendered":"<p>Obtenga informaci\u00f3n clara sobre los procedimientos de aborto, los riesgos y los efectos secundarios de nuestros atentos defensores.<\/p>\n","protected":false},"author":1,"featured_media":0,"parent":1186,"menu_order":1,"comment_status":"closed","ping_status":"closed","template":"","meta":{"_acf_changed":false,"footnotes":""},"class_list":["post-1202","page","type-page","status-publish","hentry"],"acf":[],"yoast_head":"<!-- This site is optimized with the Yoast SEO plugin v27.6 - https:\/\/yoast.com\/product\/yoast-seo-wordpress\/ -->\n<title>Aborto | Amnion Women&#039;s Center | Burnsville MN | abortion pill info | Burnsville, MN<\/title>\n<meta name=\"description\" content=\"Read about &quot; Aborto&quot; on this page. Amnion Women&#039;s Center | Burnsville MN | abortion pill info offers free pregnancy testing, ultrasounds, STI testing, abortion information, and options consultations in the Burnsville, MN area. Contact us!\" \/>\n<meta name=\"robots\" content=\"index, follow, max-snippet:-1, max-image-preview:large, max-video-preview:-1\" \/>\n<link rel=\"canonical\" href=\"https:\/\/amnionwomenscenter.org\/opciones\/aborto\/\" \/>\n<meta property=\"og:locale\" content=\"es_ES\" \/>\n<meta property=\"og:type\" content=\"article\" \/>\n<meta property=\"og:title\" content=\"Aborto | Amnion Women&#039;s Center | Burnsville MN | abortion pill info | Burnsville, MN\" \/>\n<meta property=\"og:description\" content=\"Read about &quot; Aborto&quot; on this page. Amnion Women&#039;s Center | Burnsville MN | abortion pill info offers free pregnancy testing, ultrasounds, STI testing, abortion information, and options consultations in the Burnsville, MN area. Contact us!\" \/>\n<meta property=\"og:url\" content=\"https:\/\/amnionwomenscenter.org\/opciones\/aborto\/\" \/>\n<meta property=\"og:site_name\" content=\"Amnion Women&#039;s Center | Burnsville MN | abortion pill info\" \/>\n<meta name=\"twitter:card\" content=\"summary_large_image\" \/>\n<meta name=\"twitter:label1\" content=\"Tiempo de lectura\" \/>\n\t<meta name=\"twitter:data1\" content=\"3 minutos\" \/>\n<!-- \/ Yoast SEO plugin. -->","yoast_head_json":{"title":"Aborto | Amnion Women&#039;s Center | Burnsville MN | abortion pill info | Burnsville, MN","description":"Read about \" Aborto\" on this page. Amnion Women&#039;s Center | Burnsville MN | abortion pill info offers free pregnancy testing, ultrasounds, STI testing, abortion information, and options consultations in the Burnsville, MN area. Contact us!","robots":{"index":"index","follow":"follow","max-snippet":"max-snippet:-1","max-image-preview":"max-image-preview:large","max-video-preview":"max-video-preview:-1"},"canonical":"https:\/\/amnionwomenscenter.org\/opciones\/aborto\/","og_locale":"es_ES","og_type":"article","og_title":"Aborto | Amnion Women&#039;s Center | Burnsville MN | abortion pill info | Burnsville, MN","og_description":"Read about \" Aborto\" on this page. Amnion Women&#039;s Center | Burnsville MN | abortion pill info offers free pregnancy testing, ultrasounds, STI testing, abortion information, and options consultations in the Burnsville, MN area. Contact us!","og_url":"https:\/\/amnionwomenscenter.org\/opciones\/aborto\/","og_site_name":"Amnion Women&#039;s Center | Burnsville MN | abortion pill info","twitter_card":"summary_large_image","twitter_misc":{"Tiempo de lectura":"3 minutos"},"schema":{"@context":"https:\/\/schema.org","@graph":[{"@type":"WebPage","@id":"https:\/\/amnionwomenscenter.org\/opciones\/aborto\/","url":"https:\/\/amnionwomenscenter.org\/opciones\/aborto\/","name":"Aborto | Amnion Women&#039;s Center | Burnsville MN | abortion pill info | Burnsville, MN","isPartOf":{"@id":"https:\/\/amnionwomenscenter.org\/#website"},"datePublished":"2022-01-31T10:04:52+00:00","description":"Read about \" Aborto\" on this page. Amnion Women&#039;s Center | Burnsville MN | abortion pill info offers free pregnancy testing, ultrasounds, STI testing, abortion information, and options consultations in the Burnsville, MN area. Contact us!","breadcrumb":{"@id":"https:\/\/amnionwomenscenter.org\/opciones\/aborto\/#breadcrumb"},"inLanguage":"es","potentialAction":[{"@type":"ReadAction","target":["https:\/\/amnionwomenscenter.org\/opciones\/aborto\/"]}]},{"@type":"BreadcrumbList","@id":"https:\/\/amnionwomenscenter.org\/opciones\/aborto\/#breadcrumb","itemListElement":[{"@type":"ListItem","position":1,"name":"Home","item":"https:\/\/amnionwomenscenter.org\/es\/inicio\/"},{"@type":"ListItem","position":2,"name":"Opciones","item":"https:\/\/amnionwomenscenter.org\/es\/opciones\/"},{"@type":"ListItem","position":3,"name":"Aborto"}]},{"@type":"WebSite","@id":"https:\/\/amnionwomenscenter.org\/#website","url":"https:\/\/amnionwomenscenter.org\/","name":"Amnion Women&#039;s Center | Burnsville MN | abortion pill info","description":"","potentialAction":[{"@type":"SearchAction","target":{"@type":"EntryPoint","urlTemplate":"https:\/\/amnionwomenscenter.org\/?s={search_term_string}"},"query-input":{"@type":"PropertyValueSpecification","valueRequired":true,"valueName":"search_term_string"}}],"inLanguage":"es"}]}},"_links":{"self":[{"href":"https:\/\/amnionwomenscenter.org\/es\/wp-json\/wp\/v2\/pages\/1202","targetHints":{"allow":["GET"]}}],"collection":[{"href":"https:\/\/amnionwomenscenter.org\/es\/wp-json\/wp\/v2\/pages"}],"about":[{"href":"https:\/\/amnionwomenscenter.org\/es\/wp-json\/wp\/v2\/types\/page"}],"author":[{"embeddable":true,"href":"https:\/\/amnionwomenscenter.org\/es\/wp-json\/wp\/v2\/users\/1"}],"replies":[{"embeddable":true,"href":"https:\/\/amnionwomenscenter.org\/es\/wp-json\/wp\/v2\/comments?post=1202"}],"version-history":[{"count":0,"href":"https:\/\/amnionwomenscenter.org\/es\/wp-json\/wp\/v2\/pages\/1202\/revisions"}],"up":[{"embeddable":true,"href":"https:\/\/amnionwomenscenter.org\/es\/wp-json\/wp\/v2\/pages\/1186"}],"wp:attachment":[{"href":"https:\/\/amnionwomenscenter.org\/es\/wp-json\/wp\/v2\/media?parent=1202"}],"curies":[{"name":"wp","href":"https:\/\/api.w.org\/{rel}","templated":true}]}}