{"id":1203,"date":"2022-01-31T10:05:06","date_gmt":"2022-01-31T10:05:06","guid":{"rendered":"https:\/\/amnionwomenscenter.org\/opciones\/adopcion\/"},"modified":"2026-01-26T19:56:47","modified_gmt":"2026-01-26T19:56:47","slug":"adopcion","status":"publish","type":"page","link":"https:\/\/amnionwomenscenter.org\/es\/opciones\/adopcion\/","title":{"rendered":"Adopci\u00f3n"},"content":{"rendered":"<h2 data-start=\"123\" data-end=\"151\"><strong data-start=\"127\" data-end=\"151\">\u00bfEst\u00e1 considerando la adopci\u00f3n?<\/strong><\/h2>\n<p data-start=\"152\" data-end=\"417\">Elegir la adopci\u00f3n es una decisi\u00f3n profundamente personal y puede implicar muchas emociones. Si est\u00e1 experimentando un embarazo inesperado, puede que se pregunte c\u00f3mo es la adopci\u00f3n hoy en d\u00eda, cu\u00e1nto control tiene sobre el proceso y si podr\u00eda ser lo adecuado para usted. <\/p>\n<p data-start=\"419\" data-end=\"803\">En Amnion Women&#8217;s Center, nuestro atento equipo est\u00e1 aqu\u00ed para brindarle claridad. Le acompa\u00f1aremos en cada paso para comprender el proceso de adopci\u00f3n y le pondremos en contacto con profesionales de la adopci\u00f3n autorizados y de confianza que podr\u00e1n responder a sus preguntas. <\/p>\n<p data-start=\"419\" data-end=\"803\">Todos nuestros servicios son gratuitos y confidenciales, y nunca se le presionar\u00e1 para que tome una decisi\u00f3n espec\u00edfica.<\/p>\n<h2 data-start=\"810\" data-end=\"849\">C\u00f3mo es la adopci\u00f3n moderna<\/h2>\n<p data-start=\"850\" data-end=\"1098\">La adopci\u00f3n hoy en d\u00eda le da un control significativo sobre el proceso. Usted puede decidir cu\u00e1nta participaci\u00f3n desea, qu\u00e9 tipo de relaci\u00f3n le gustar\u00eda tener con su hijo y la familia adoptiva, y qu\u00e9 tipo de acuerdo de adopci\u00f3n se adapta mejor a sus necesidades. <\/p>\n<p data-start=\"1100\" data-end=\"1140\">Existen tres tipos de adopci\u00f3n:<\/p>\n<ul>\n<li data-start=\"1143\" data-end=\"1298\"><strong>Adopci\u00f3n abierta:<\/strong> Usted y la familia adoptiva comparten informaci\u00f3n de identificaci\u00f3n y mantienen una comunicaci\u00f3n continua a trav\u00e9s de visitas, llamadas telef\u00f3nicas o mensajes.<\/li>\n<li data-start=\"1143\" data-end=\"1298\"><strong>Adopci\u00f3n semiabierta:<\/strong> La comunicaci\u00f3n se produce a trav\u00e9s de una agencia o un abogado, lo que permite recibir actualizaciones al tiempo que se protege su privacidad.<\/li>\n<li data-start=\"1143\" data-end=\"1298\"><strong>Adopci\u00f3n cerrada:<\/strong> Toda la informaci\u00f3n de identificaci\u00f3n se sella y no hay contacto directo entre usted y la familia adoptiva.<\/li>\n<\/ul>\n<h2 data-start=\"1891\" data-end=\"1928\">Apoyo en cada paso del camino<\/h2>\n<p data-start=\"1929\" data-end=\"2204\">La adopci\u00f3n puede resultar abrumadora, pero no tiene por qu\u00e9 pasar por ella sola. Nuestro equipo le ayudar\u00e1 a procesar sus emociones, a conectar con los recursos de la comunidad y le remitir\u00e1 a agencias de adopci\u00f3n de confianza que podr\u00e1n responder a cualquier pregunta detallada que tenga, incluidas las relativas a detalles m\u00e9dicos, legales o financieros. <\/p>\n<p data-start=\"2206\" data-end=\"2443\">Tambi\u00e9n podemos proporcionarle referencias para asesoramiento, programas de vivienda, atenci\u00f3n prenatal y otras formas de ayuda. Dependiendo de su situaci\u00f3n, incluso puede optar a recibir ayuda con ciertos gastos de manutenci\u00f3n durante el proceso. <\/p>\n<h2 data-start=\"2450\" data-end=\"2474\">No est\u00e1 sola<\/h2>\n<p data-start=\"2475\" data-end=\"2741\">Tanto si est\u00e1 empezando a considerar la adopci\u00f3n como si la est\u00e1 explorando activamente, Amnion Women&#8217;s Center est\u00e1 aqu\u00ed para ofrecerle compasi\u00f3n, claridad y esperanza. Nuestra misi\u00f3n es asegurarnos de que se sienta vista, apoyada e informada mientras decide lo que es mejor para usted y su hijo. <\/p>\n<p data-start=\"2743\" data-end=\"2883\"><a href=\"https:\/\/amnionwomenscenter.org\/es\/solicitar-una-cita\/\" data-wpel-link=\"internal\">Programe<\/a> hoy mismo su cita gratuita y confidencial para confirmar su embarazo y obtener m\u00e1s informaci\u00f3n sobre la adopci\u00f3n y otras <a href=\"https:\/\/amnionwomenscenter.org\/es\/opciones\/\" data-wpel-link=\"internal\">opciones<\/a>.<\/p>\n","protected":false},"excerpt":{"rendered":"<p>Obtenga informaci\u00f3n sobre la adopci\u00f3n, lo que implica el proceso y el apoyo disponible.<\/p>\n","protected":false},"author":1,"featured_media":0,"parent":1186,"menu_order":2,"comment_status":"closed","ping_status":"closed","template":"","meta":{"_acf_changed":false,"footnotes":""},"class_list":["post-1203","page","type-page","status-publish","hentry"],"acf":[],"yoast_head":"<!-- This site is optimized with the Yoast SEO plugin v27.6 - https:\/\/yoast.com\/product\/yoast-seo-wordpress\/ -->\n<title>\u00bfEst\u00e1 considerando la adopci\u00f3n? | Burnsville, MN | Amnion Women&#039;s Center<\/title>\n<meta name=\"description\" content=\"\u00bfTiene un embarazo no planificado? Obtenga m\u00e1s informaci\u00f3n sobre la adopci\u00f3n en esta p\u00e1gina. En Amnion, en Burnsville, MN, ofrecemos ecograf\u00edas y recursos gratuitos.\" \/>\n<meta name=\"robots\" content=\"index, follow, max-snippet:-1, max-image-preview:large, max-video-preview:-1\" \/>\n<link rel=\"canonical\" href=\"https:\/\/amnionwomenscenter.org\/es\/opciones\/adopcion\/\" \/>\n<meta property=\"og:locale\" content=\"es_ES\" \/>\n<meta property=\"og:type\" content=\"article\" \/>\n<meta property=\"og:title\" content=\"\u00bfEst\u00e1 considerando la adopci\u00f3n? | Burnsville, MN | Amnion Women&#039;s Center\" \/>\n<meta property=\"og:description\" content=\"\u00bfTiene un embarazo no planificado? Obtenga m\u00e1s informaci\u00f3n sobre la adopci\u00f3n en esta p\u00e1gina. En Amnion, en Burnsville, MN, ofrecemos ecograf\u00edas y recursos gratuitos.\" \/>\n<meta property=\"og:url\" content=\"https:\/\/amnionwomenscenter.org\/es\/opciones\/adopcion\/\" \/>\n<meta property=\"og:site_name\" content=\"Amnion Women&#039;s Center | Burnsville MN | abortion pill info\" \/>\n<meta property=\"article:modified_time\" content=\"2026-01-26T19:56:47+00:00\" \/>\n<meta name=\"twitter:card\" content=\"summary_large_image\" \/>\n<meta name=\"twitter:label1\" content=\"Tiempo de lectura\" \/>\n\t<meta name=\"twitter:data1\" content=\"2 minutos\" \/>\n<!-- \/ Yoast SEO plugin. -->","yoast_head_json":{"title":"\u00bfEst\u00e1 considerando la adopci\u00f3n? | Burnsville, MN | Amnion Women's Center","description":"\u00bfTiene un embarazo no planificado? Obtenga m\u00e1s informaci\u00f3n sobre la adopci\u00f3n en esta p\u00e1gina. En Amnion, en Burnsville, MN, ofrecemos ecograf\u00edas y recursos gratuitos.","robots":{"index":"index","follow":"follow","max-snippet":"max-snippet:-1","max-image-preview":"max-image-preview:large","max-video-preview":"max-video-preview:-1"},"canonical":"https:\/\/amnionwomenscenter.org\/es\/opciones\/adopcion\/","og_locale":"es_ES","og_type":"article","og_title":"\u00bfEst\u00e1 considerando la adopci\u00f3n? | Burnsville, MN | Amnion Women's Center","og_description":"\u00bfTiene un embarazo no planificado? Obtenga m\u00e1s informaci\u00f3n sobre la adopci\u00f3n en esta p\u00e1gina. En Amnion, en Burnsville, MN, ofrecemos ecograf\u00edas y recursos gratuitos.","og_url":"https:\/\/amnionwomenscenter.org\/es\/opciones\/adopcion\/","og_site_name":"Amnion Women&#039;s Center | Burnsville MN | abortion pill info","article_modified_time":"2026-01-26T19:56:47+00:00","twitter_card":"summary_large_image","twitter_misc":{"Tiempo de lectura":"2 minutos"},"schema":{"@context":"https:\/\/schema.org","@graph":[{"@type":"WebPage","@id":"https:\/\/amnionwomenscenter.org\/es\/opciones\/adopcion\/","url":"https:\/\/amnionwomenscenter.org\/es\/opciones\/adopcion\/","name":"\u00bfEst\u00e1 considerando la adopci\u00f3n? | Burnsville, MN | Amnion Women's Center","isPartOf":{"@id":"https:\/\/amnionwomenscenter.org\/#website"},"datePublished":"2022-01-31T10:05:06+00:00","dateModified":"2026-01-26T19:56:47+00:00","description":"\u00bfTiene un embarazo no planificado? Obtenga m\u00e1s informaci\u00f3n sobre la adopci\u00f3n en esta p\u00e1gina. En Amnion, en Burnsville, MN, ofrecemos ecograf\u00edas y recursos gratuitos.","breadcrumb":{"@id":"https:\/\/amnionwomenscenter.org\/es\/opciones\/adopcion\/#breadcrumb"},"inLanguage":"es","potentialAction":[{"@type":"ReadAction","target":["https:\/\/amnionwomenscenter.org\/es\/opciones\/adopcion\/"]}]},{"@type":"BreadcrumbList","@id":"https:\/\/amnionwomenscenter.org\/es\/opciones\/adopcion\/#breadcrumb","itemListElement":[{"@type":"ListItem","position":1,"name":"Home","item":"https:\/\/amnionwomenscenter.org\/es\/inicio\/"},{"@type":"ListItem","position":2,"name":"Opciones","item":"https:\/\/amnionwomenscenter.org\/es\/opciones\/"},{"@type":"ListItem","position":3,"name":"Adopci\u00f3n"}]},{"@type":"WebSite","@id":"https:\/\/amnionwomenscenter.org\/#website","url":"https:\/\/amnionwomenscenter.org\/","name":"Amnion Women&#039;s Center | Burnsville MN | abortion pill info","description":"","potentialAction":[{"@type":"SearchAction","target":{"@type":"EntryPoint","urlTemplate":"https:\/\/amnionwomenscenter.org\/?s={search_term_string}"},"query-input":{"@type":"PropertyValueSpecification","valueRequired":true,"valueName":"search_term_string"}}],"inLanguage":"es"}]}},"_links":{"self":[{"href":"https:\/\/amnionwomenscenter.org\/es\/wp-json\/wp\/v2\/pages\/1203","targetHints":{"allow":["GET"]}}],"collection":[{"href":"https:\/\/amnionwomenscenter.org\/es\/wp-json\/wp\/v2\/pages"}],"about":[{"href":"https:\/\/amnionwomenscenter.org\/es\/wp-json\/wp\/v2\/types\/page"}],"author":[{"embeddable":true,"href":"https:\/\/amnionwomenscenter.org\/es\/wp-json\/wp\/v2\/users\/1"}],"replies":[{"embeddable":true,"href":"https:\/\/amnionwomenscenter.org\/es\/wp-json\/wp\/v2\/comments?post=1203"}],"version-history":[{"count":2,"href":"https:\/\/amnionwomenscenter.org\/es\/wp-json\/wp\/v2\/pages\/1203\/revisions"}],"predecessor-version":[{"id":1321,"href":"https:\/\/amnionwomenscenter.org\/es\/wp-json\/wp\/v2\/pages\/1203\/revisions\/1321"}],"up":[{"embeddable":true,"href":"https:\/\/amnionwomenscenter.org\/es\/wp-json\/wp\/v2\/pages\/1186"}],"wp:attachment":[{"href":"https:\/\/amnionwomenscenter.org\/es\/wp-json\/wp\/v2\/media?parent=1203"}],"curies":[{"name":"wp","href":"https:\/\/api.w.org\/{rel}","templated":true}]}}